{"id":156,"date":"2018-11-26T21:17:42","date_gmt":"2018-11-26T20:17:42","guid":{"rendered":"https:\/\/agilityhundesportgrupperheinsieg1993evhome.wordpress.com\/?page_id=156"},"modified":"2025-09-28T11:31:45","modified_gmt":"2025-09-28T09:31:45","slug":"welpen-und-basis","status":"publish","type":"page","link":"https:\/\/agility-hsg.de\/?page_id=156","title":{"rendered":"Basis-Ausbildung"},"content":{"rendered":"<h1>Hundeerziehung: die Basis f\u00fcr gemeinsamen Sport<\/h1>\n<p data-start=\"261\" data-end=\"523\">Eine gute Basis in der Erziehung ist der Schl\u00fcssel f\u00fcr ein harmonisches Miteinander und gleichzeitig die Grundlage f\u00fcr alles, was im Hundesport m\u00f6glich ist. Dabei gilt: Nur wer eine gute Beziehung zu seinem Hund hat, kann auch im Training erfolgreich sein.<\/p>\n<p data-start=\"525\" data-end=\"878\">In unseren Kursen geht es darum, dass du und dein Hund ein echtes Team werdet. Wir legen Wert auf klare Kommunikation, gegenseitiges Verst\u00e4ndnis und Vertrauen. Spielerisch lernt dein Hund, mit dir Herausforderungen zu meistern, die n\u00f6tige Ruhe zu halten und sich ganz auf die gemeinsame Arbeit zu konzentrieren \u2013 die perfekte Basis f\u00fcr den Hundesport.<\/p>\n<p data-start=\"880\" data-end=\"1333\">Wir sind ein Hundesportverein mit ehrenamtlichen, f\u00fcr den Hundesport ausgebildeten Trainerinnen und Trainern. Wir unterst\u00fctzen dich bei der Ausbildung und Erziehung deines Hundes und begleiten dich bei deinen sportlichen Ambitionen.<br data-start=\"1112\" data-end=\"1115\" \/>Die Arbeit mit Verhaltensauff\u00e4lligkeiten wie Aggression, starkem Jagdtrieb oder Angstzust\u00e4nden erfordert ein intensives Spezialtraining, das wir nicht anbieten k\u00f6nnen. Gerne geben wir dir hierf\u00fcr jedoch Empfehlungen.<\/p>\n<p data-start=\"1335\" data-end=\"1536\">Uns ist wichtig, dass Training Spa\u00df macht. F\u00fcr dich und deinen Hund bedeutet das Freude, Motivation und ein respektvolles Miteinander. All das bildet die Grundlage f\u00fcr ein starkes Team im Hundesport.<\/p>\n<p><span style=\"font-weight: 400;\"><strong>Wir begleiten dich und deinen Hund mit diesen Kursen:<\/strong> <\/span><\/p>\n\n\n<ul class=\"wp-block-list\">\n<li><a href=\"https:\/\/agility-hsg.de\/?page_id=4241\" data-type=\"page\" data-id=\"4241\">Freie Welpen- und Junghundestunde<\/a><\/li>\n\n\n\n<li><a href=\"https:\/\/agility-hsg.de\/?page_id=4245\" data-type=\"page\" data-id=\"4245\">Welpen- und Junghundeerziehungskurse<\/a><\/li>\n\n\n\n<li><a href=\"https:\/\/agility-hsg.de\/?page_id=4237\" data-type=\"page\" data-id=\"4237\">Besch\u00e4ftigungsmix (Erwachsene)<\/a><\/li>\n\n\n\n<li>Begleithundpr\u00fcfung\u00a0(BH):\n<ul class=\"wp-block-list\">\n<li><a href=\"https:\/\/agility-hsg.de\/?page_id=4223\" data-type=\"page\" data-id=\"4223\">Grundlagenkurs \u201eSitz-Platz-Fu\u00df\u201c<\/a><\/li>\n\n\n\n<li><a href=\"https:\/\/agility-hsg.de\/?page_id=4229\" data-type=\"page\" data-id=\"4229\">Vorbereitungskurs \u201eFit f\u00fcr die Pr\u00fcfung\u201c<\/a><\/li>\n<\/ul>\n<\/li>\n<\/ul>\n","protected":false},"excerpt":{"rendered":"<p>Hundeerziehung: die Basis f\u00fcr gemeinsamen Sport Eine gute Basis in der Erziehung ist der Schl\u00fcssel f\u00fcr ein harmonisches Miteinander und gleichzeitig die Grundlage f\u00fcr alles, was im Hundesport m\u00f6glich ist. Dabei gilt: Nur wer eine gute Beziehung zu seinem Hund hat, kann auch im Training erfolgreich sein. In unseren Kursen geht es darum, dass du [&hellip;]<\/p>\n","protected":false},"author":2,"featured_media":3934,"parent":0,"menu_order":0,"comment_status":"closed","ping_status":"closed","template":"","meta":{"pgc_sgb_lightbox_settings":"","footnotes":""},"class_list":["post-156","page","type-page","status-publish","has-post-thumbnail","hentry"],"_links":{"self":[{"href":"https:\/\/agility-hsg.de\/index.php?rest_route=\/wp\/v2\/pages\/156","targetHints":{"allow":["GET"]}}],"collection":[{"href":"https:\/\/agility-hsg.de\/index.php?rest_route=\/wp\/v2\/pages"}],"about":[{"href":"https:\/\/agility-hsg.de\/index.php?rest_route=\/wp\/v2\/types\/page"}],"author":[{"embeddable":true,"href":"https:\/\/agility-hsg.de\/index.php?rest_route=\/wp\/v2\/users\/2"}],"replies":[{"embeddable":true,"href":"https:\/\/agility-hsg.de\/index.php?rest_route=%2Fwp%2Fv2%2Fcomments&post=156"}],"version-history":[{"count":12,"href":"https:\/\/agility-hsg.de\/index.php?rest_route=\/wp\/v2\/pages\/156\/revisions"}],"predecessor-version":[{"id":4268,"href":"https:\/\/agility-hsg.de\/index.php?rest_route=\/wp\/v2\/pages\/156\/revisions\/4268"}],"wp:featuredmedia":[{"embeddable":true,"href":"https:\/\/agility-hsg.de\/index.php?rest_route=\/wp\/v2\/media\/3934"}],"wp:attachment":[{"href":"https:\/\/agility-hsg.de\/index.php?rest_route=%2Fwp%2Fv2%2Fmedia&parent=156"}],"curies":[{"name":"wp","href":"https:\/\/api.w.org\/{rel}","templated":true}]}}