{"id":157,"date":"2018-11-26T21:17:42","date_gmt":"2018-11-26T20:17:42","guid":{"rendered":"https:\/\/agilityhundesportgrupperheinsieg1993evhome.wordpress.com\/?page_id=157"},"modified":"2026-04-15T08:34:14","modified_gmt":"2026-04-15T06:34:14","slug":"agility","status":"publish","type":"page","link":"https:\/\/agility-hsg.de\/?page_id=157","title":{"rendered":"Agility"},"content":{"rendered":"\n<h3>Agility bei der HSG Rhein-Sieg<\/h3>\n\n\n\n<p><strong>Unser Training<\/strong><\/p>\n\n\n\n<p>Bei der HSG Rhein-Sieg bieten wir regelm\u00e4\u00dfiges Agility-Training auf zwei gro\u00dfen Pl\u00e4tzen an. Unsere erfahrenen Trainerinnen begleiten euch auf dem Weg vom Anf\u00e4nger bis zum Turniersport.<\/p>\n\n\n\n<p><strong>Hinweis:<\/strong><br>Der Saison 2026 hat begonnen!<\/p>\n\n\n\n<p><strong>Freie Pl\u00e4tze:<\/strong><br>1 Platz Dienstag 18-19 Uhr &#8211; Aufbaukurs* H\u00fcrde <br>1 Platz Dienstag 19-20 Uhr &#8211; Hund sollte bereits alle Ger\u00e4te kennen<br>3 Pl\u00e4tze Freitag 18:00-18:45 Uhr<br>3 Pl\u00e4tze Freitag 18:45-19:30 Uhr<br>Wenn ihr Interesse an einem der Pl\u00e4tze habt, meldet euch bei <a href=\"mailto:obfrau-agility@agility-hsg.de\" data-type=\"mailto\" data-id=\"mailto:obfrau-agility@agility-hsg.de\">Krissi <\/a><\/p>\n\n\n\n<p>*<em>Aufbaukurs: Basics an der H\u00fcrde<\/em><br>In diesem Kurs steht der saubere Aufbau der Grundlagen an der H\u00fcrde im Mittelpunkt. Schritt f\u00fcr Schritt lernt der Hund, was seine Aufgabe an der H\u00fcrde ist und wie er sie korrekt ausf\u00fchrt.<br>Der Kurs richtet sich an alle, die ihren Hund von Grund auf richtig an der H\u00fcrde aufbauen m\u00f6chten und Turnierambitionen haben.<br><strong>Wichtig:<\/strong> Kein Parcours-Training, sondern gezieltes Arbeiten an den Basics.<br><strong>Kosten: <\/strong>120 Euro f\u00fcr 8 \u00dcbungseinheiten<br><strong>Starttermin <\/strong>(wetterabh\u00e4ngig): 5. Mai 2026<\/p>\n\n\n\n<hr class=\"wp-block-separator has-alpha-channel-opacity\"\/>\n\n\n\n<p><strong>Was ist Agility?<\/strong><\/p>\n\n\n\n<p>Agility ist eine dynamische Hundesportart, bei der der Hund einen vorgegebenen Parcours aus verschiedenen Hindernissen wie H\u00fcrden, Tunneln, Slalomstangen und Kontaktzonen m\u00f6glichst fehlerfrei und in kurzer Zeit bew\u00e4ltigen muss. Dabei z\u00e4hlt nicht nur die Fitness des Hundes, sondern auch die seines Hundef\u00fchrers. Beide m\u00fcssen blitzschnell reagieren, Hindernisse fehlerfrei \u00fcberwinden und als eingespieltes Team den Parcours rennend bew\u00e4ltigen.<\/p>\n\n\n\n<p>Voraussetzung f\u00fcr diesen Sport ist, dass der Hund gerne in Bewegung ist, k\u00f6rperlich fit und gesund ist. \u00dcbergewicht ist dabei kontraproduktiv, da es die Gelenke und Muskeln \u00fcberlastet und langfristig gesundheitliche Sch\u00e4den verursachen kann.<\/p>\n\n\n\n<p>Agility ist eine der bekanntesten und beliebtesten Hundesportarten und wird weltweit auf Wettkampfniveau betrieben.<\/p>\n\n\n\n<hr class=\"wp-block-separator has-alpha-channel-opacity\"\/>\n","protected":false},"excerpt":{"rendered":"<p>Agility bei der HSG Rhein-Sieg Unser Training Bei der HSG Rhein-Sieg bieten wir regelm\u00e4\u00dfiges Agility-Training auf zwei gro\u00dfen Pl\u00e4tzen an. Unsere erfahrenen Trainerinnen begleiten euch auf dem Weg vom Anf\u00e4nger bis zum Turniersport. Hinweis:Der Saison 2026 hat begonnen! Freie Pl\u00e4tze:1 Platz Dienstag 18-19 Uhr &#8211; Aufbaukurs* H\u00fcrde 1 Platz Dienstag 19-20 Uhr &#8211; Hund sollte [&hellip;]<\/p>\n","protected":false},"author":2,"featured_media":3874,"parent":0,"menu_order":0,"comment_status":"closed","ping_status":"closed","template":"","meta":{"pgc_sgb_lightbox_settings":"","footnotes":""},"class_list":["post-157","page","type-page","status-publish","has-post-thumbnail","hentry"],"_links":{"self":[{"href":"https:\/\/agility-hsg.de\/index.php?rest_route=\/wp\/v2\/pages\/157","targetHints":{"allow":["GET"]}}],"collection":[{"href":"https:\/\/agility-hsg.de\/index.php?rest_route=\/wp\/v2\/pages"}],"about":[{"href":"https:\/\/agility-hsg.de\/index.php?rest_route=\/wp\/v2\/types\/page"}],"author":[{"embeddable":true,"href":"https:\/\/agility-hsg.de\/index.php?rest_route=\/wp\/v2\/users\/2"}],"replies":[{"embeddable":true,"href":"https:\/\/agility-hsg.de\/index.php?rest_route=%2Fwp%2Fv2%2Fcomments&post=157"}],"version-history":[{"count":30,"href":"https:\/\/agility-hsg.de\/index.php?rest_route=\/wp\/v2\/pages\/157\/revisions"}],"predecessor-version":[{"id":4542,"href":"https:\/\/agility-hsg.de\/index.php?rest_route=\/wp\/v2\/pages\/157\/revisions\/4542"}],"wp:featuredmedia":[{"embeddable":true,"href":"https:\/\/agility-hsg.de\/index.php?rest_route=\/wp\/v2\/media\/3874"}],"wp:attachment":[{"href":"https:\/\/agility-hsg.de\/index.php?rest_route=%2Fwp%2Fv2%2Fmedia&parent=157"}],"curies":[{"name":"wp","href":"https:\/\/api.w.org\/{rel}","templated":true}]}}