{"id":161,"date":"2018-11-26T21:17:42","date_gmt":"2018-11-26T20:17:42","guid":{"rendered":"https:\/\/agilityhundesportgrupperheinsieg1993evhome.wordpress.com\/?page_id=161"},"modified":"2026-04-14T15:12:58","modified_gmt":"2026-04-14T13:12:58","slug":"hoopers","status":"publish","type":"page","link":"https:\/\/agility-hsg.de\/?page_id=161","title":{"rendered":"Hoopers"},"content":{"rendered":"<p><strong>Hoopers bei der HSG Rhein-Sieg<\/strong><\/p>\n<p><strong>Was ist Hoopers?<\/strong><\/p>\n<p>Hoopers ist eine Hundesportart, die sich durch einen flie\u00dfenden, harmonischen Parcours ohne Spr\u00fcnge auszeichnet. Der Hund durchl\u00e4uft den Parcours mit Hoops (B\u00f6gen), Tunneln, Gates und Tonnen, w\u00e4hrend der Mensch ihn aus der Distanz mit K\u00f6rpersprache und H\u00f6rzeichen lenkt. Diese Art des Trainings f\u00f6rdert die Kommunikation zwischen Hund und Mensch.<\/p>\n<p>Hoopers hat in den letzten Jahren stark an Beliebtheit gewonnen und ist mittlerweile in vielen DVG-Vereinen fester Bestandteil des Trainingsangebots \u2013 so auch bei uns.<\/p>\n<p><strong>Turnierinformationen<\/strong><\/p>\n<p>Inzwischen gibt es auch im Bereich Hoopers eine gro\u00dfe Anzahl Turniere. Wir selbst veranstalten jedes Jahr eines \u2013 kommt gerne vorbei und schaut es euch an. (Sa, 13. Juni und So, 14. Juni 2026)<\/p>\n<p>In Hoopers gibt es drei Leistungsklassen:<\/p>\n<ul>\n<li><strong>H1 (\u201eBeginner\u201c)<\/strong> \u2013 10 bis 15 Ger\u00e4te mit Abst\u00e4nden von 4 bis 8 Metern. Der Abstand zum F\u00fchrbereich ist maximal 12 Meter weit.<\/li>\n<li><strong>H2 (\u201eFortgeschrittene\u201c)<\/strong> \u2013 15 bis 20 Ger\u00e4te mit Abst\u00e4nden von 5 bis 10 Metern. Der Abstand zum F\u00fchrbereich ist maximal 18 Meter weit.<\/li>\n<li><strong>H3 (\u201eProfis\u201c)<\/strong> \u2013 20 bis 25 Ger\u00e4te mit Abst\u00e4nden von 6 bis 12 Metern. Der Abstand zum F\u00fchrbereich ist maximal 30 Meter weit.<\/li>\n<\/ul>\n<p>Wir unterst\u00fctzen unsere Teams mit gezieltem Training und hilfreichen Tipps f\u00fcr den Wettkampf.<\/p>\n<p><strong>Unser Training<\/strong><\/p>\n<p>Bei der HSG Rhein-Sieg bieten wir t\u00e4glich Hoopers-Training an. Unsere vier erfahrenen Trainerinnen begleiten euch auf dem Weg vom Anf\u00e4nger bis zum Turniersport:<\/p>\n<ul>\n<li><strong>Anja <\/strong>\u2013 Trainingstage: <strong>Dienstag &amp; Freitag<\/strong><\/li>\n<li><strong>Jenny<\/strong> \u2013 Trainingstag: <strong>Freitag<\/strong><\/li>\n<li><strong>Jennifer <\/strong>\u2013 Trainingstag: <strong>Mittwoch<\/strong><\/li>\n<li><strong>Sylvia <\/strong>\u2013 Trainingstag: <strong>Dienstag<\/strong><\/li>\n<\/ul>\n<p>Zurzeit sind alle Pl\u00e4tze vergeben. Dennoch kommt es immer wieder mal vor, dass vereinzelt Pl\u00e4tze frei werden. Wenn ihr Hoopers ausprobieren und ins Training einsteigen m\u00f6chtet, meldet euch bei unsere Hoopers Obfrau Anja: <a href=\"mailto:obfrau-Hoopers@agility-hsg.de\" target=\"_blank\" rel=\"noopener\">Obfrau-Hoopers@agility-hsg.de\u00a0<\/a><\/p>\n<p style=\"text-align: right;\">\u00a0<\/p>\n\n<div class=\"pgc-sgb-cb wp-block-pgcsimplygalleryblock-grid \" data-gallery-id=\"56136416\"><div class=\"sgb-preloader\" id=\"pr_56136416\">\n\t<div class=\"sgb-square\" style=\"background:#d4d4d4\"><\/div>\n\t<div class=\"sgb-square\" style=\"background:#d4d4d4\"><\/div>\n\t<div class=\"sgb-square\" style=\"background:#d4d4d4\"><\/div>\n\t<div class=\"sgb-square\" style=\"background:#d4d4d4\"><\/div><\/div><div class=\"simply-gallery-amp pgc_sgb_slider \"><noscript><div class=\"sgb-gallery\"><div class=\"sgb-item\"><a href=\"https:\/\/agility-hsg.de\/?attachment_id=3592\" target=\"_blank\"><img decoding=\"async\" alt=\"\" width=\"300\" height=\"300\" loading=\"lazy\" src=\"https:\/\/agility-hsg.de\/wp-content\/uploads\/2025\/03\/HoopersBild5-300x300.jpg\" srcset=\"https:\/\/agility-hsg.de\/wp-content\/uploads\/2025\/03\/HoopersBild5-300x300.jpg 300w,https:\/\/agility-hsg.de\/wp-content\/uploads\/2025\/03\/HoopersBild5.jpg 606w\" sizes=\"auto, 250px\"\/><\/a><\/div><div class=\"sgb-item\"><a href=\"https:\/\/agility-hsg.de\/?attachment_id=3593\" target=\"_blank\"><img decoding=\"async\" alt=\"\" width=\"265\" height=\"265\" loading=\"lazy\" src=\"https:\/\/agility-hsg.de\/wp-content\/uploads\/2025\/03\/HoopersBild6.jpg\" srcset=\",https:\/\/agility-hsg.de\/wp-content\/uploads\/2025\/03\/HoopersBild6.jpg 265w\" sizes=\"auto, 250px\"\/><\/a><\/div><div class=\"sgb-item\"><a href=\"https:\/\/agility-hsg.de\/?attachment_id=3594\" target=\"_blank\"><img decoding=\"async\" alt=\"\" width=\"300\" height=\"300\" loading=\"lazy\" src=\"https:\/\/agility-hsg.de\/wp-content\/uploads\/2025\/03\/HoopersBild7-300x300.jpg\" srcset=\"https:\/\/agility-hsg.de\/wp-content\/uploads\/2025\/03\/HoopersBild7-300x300.jpg 300w,https:\/\/agility-hsg.de\/wp-content\/uploads\/2025\/03\/HoopersBild7.jpg 606w\" sizes=\"auto, 250px\"\/><\/a><\/div><div class=\"sgb-item\"><a href=\"https:\/\/agility-hsg.de\/?attachment_id=3595\" target=\"_blank\"><img decoding=\"async\" alt=\"\" width=\"265\" height=\"265\" loading=\"lazy\" src=\"https:\/\/agility-hsg.de\/wp-content\/uploads\/2025\/03\/HoopersBild8.jpg\" srcset=\",https:\/\/agility-hsg.de\/wp-content\/uploads\/2025\/03\/HoopersBild8.jpg 265w\" sizes=\"auto, 250px\"\/><\/a><\/div><\/div><\/noscript><\/div><script type=\"application\/json\" class=\"sgb-data\">{\"collectionColumns\":2,\"galleryType\":\"pgc_sgb_grid\",\"galleryId\":\"56136416\",\"images\":[{\"id\":3592,\"title\":\"HoopersBild5\",\"url\":\"https:\/\/agility-hsg.de\/wp-content\/uploads\/2025\/03\/HoopersBild5.jpg\",\"link\":\"https:\/\/agility-hsg.de\/?attachment_id=3592\",\"alt\":\"\",\"description\":\"\",\"caption\":\"\",\"mime\":\"image\/jpeg\",\"type\":\"image\",\"width\":606,\"height\":606,\"sizes\":{\"thumbnail\":{\"height\":150,\"width\":150,\"url\":\"https:\/\/agility-hsg.de\/wp-content\/uploads\/2025\/03\/HoopersBild5-150x150.jpg\",\"orientation\":\"landscape\"},\"medium\":{\"height\":300,\"width\":300,\"url\":\"https:\/\/agility-hsg.de\/wp-content\/uploads\/2025\/03\/HoopersBild5-300x300.jpg\",\"orientation\":\"landscape\"},\"full\":{\"url\":\"https:\/\/agility-hsg.de\/wp-content\/uploads\/2025\/03\/HoopersBild5.jpg\",\"height\":606,\"width\":606,\"orientation\":\"landscape\"}},\"imageMeta\":{\"aperture\":\"0\",\"credit\":\"\",\"camera\":\"\",\"caption\":\"\",\"created_timestamp\":\"0\",\"copyright\":\"\",\"focal_length\":\"0\",\"iso\":\"0\",\"shutter_speed\":\"0\",\"title\":\"\",\"orientation\":\"0\",\"keywords\":[]},\"meta\":false,\"postlink\":\"https:\/\/agility-hsg.de\/?attachment_id=3592\"},{\"id\":3593,\"title\":\"HoopersBild6\",\"url\":\"https:\/\/agility-hsg.de\/wp-content\/uploads\/2025\/03\/HoopersBild6.jpg\",\"link\":\"https:\/\/agility-hsg.de\/?attachment_id=3593\",\"alt\":\"\",\"description\":\"\",\"caption\":\"\",\"mime\":\"image\/jpeg\",\"type\":\"image\",\"width\":265,\"height\":265,\"sizes\":{\"thumbnail\":{\"height\":150,\"width\":150,\"url\":\"https:\/\/agility-hsg.de\/wp-content\/uploads\/2025\/03\/HoopersBild6-150x150.jpg\",\"orientation\":\"landscape\"},\"full\":{\"url\":\"https:\/\/agility-hsg.de\/wp-content\/uploads\/2025\/03\/HoopersBild6.jpg\",\"height\":265,\"width\":265,\"orientation\":\"landscape\"}},\"imageMeta\":{\"aperture\":\"0\",\"credit\":\"\",\"camera\":\"\",\"caption\":\"\",\"created_timestamp\":\"0\",\"copyright\":\"\",\"focal_length\":\"0\",\"iso\":\"0\",\"shutter_speed\":\"0\",\"title\":\"\",\"orientation\":\"0\",\"keywords\":[]},\"meta\":false,\"postlink\":\"https:\/\/agility-hsg.de\/?attachment_id=3593\"},{\"id\":3594,\"title\":\"HoopersBild7\",\"url\":\"https:\/\/agility-hsg.de\/wp-content\/uploads\/2025\/03\/HoopersBild7.jpg\",\"link\":\"https:\/\/agility-hsg.de\/?attachment_id=3594\",\"alt\":\"\",\"description\":\"\",\"caption\":\"\",\"mime\":\"image\/jpeg\",\"type\":\"image\",\"width\":606,\"height\":606,\"sizes\":{\"thumbnail\":{\"height\":150,\"width\":150,\"url\":\"https:\/\/agility-hsg.de\/wp-content\/uploads\/2025\/03\/HoopersBild7-150x150.jpg\",\"orientation\":\"landscape\"},\"medium\":{\"height\":300,\"width\":300,\"url\":\"https:\/\/agility-hsg.de\/wp-content\/uploads\/2025\/03\/HoopersBild7-300x300.jpg\",\"orientation\":\"landscape\"},\"full\":{\"url\":\"https:\/\/agility-hsg.de\/wp-content\/uploads\/2025\/03\/HoopersBild7.jpg\",\"height\":606,\"width\":606,\"orientation\":\"landscape\"}},\"imageMeta\":{\"aperture\":\"0\",\"credit\":\"\",\"camera\":\"\",\"caption\":\"\",\"created_timestamp\":\"0\",\"copyright\":\"\",\"focal_length\":\"0\",\"iso\":\"0\",\"shutter_speed\":\"0\",\"title\":\"\",\"orientation\":\"0\",\"keywords\":[]},\"meta\":false,\"postlink\":\"https:\/\/agility-hsg.de\/?attachment_id=3594\"},{\"id\":3595,\"title\":\"HoopersBild8\",\"url\":\"https:\/\/agility-hsg.de\/wp-content\/uploads\/2025\/03\/HoopersBild8.jpg\",\"link\":\"https:\/\/agility-hsg.de\/?attachment_id=3595\",\"alt\":\"\",\"description\":\"\",\"caption\":\"\",\"mime\":\"image\/jpeg\",\"type\":\"image\",\"width\":265,\"height\":265,\"sizes\":{\"thumbnail\":{\"height\":150,\"width\":150,\"url\":\"https:\/\/agility-hsg.de\/wp-content\/uploads\/2025\/03\/HoopersBild8-150x150.jpg\",\"orientation\":\"landscape\"},\"full\":{\"url\":\"https:\/\/agility-hsg.de\/wp-content\/uploads\/2025\/03\/HoopersBild8.jpg\",\"height\":265,\"width\":265,\"orientation\":\"landscape\"}},\"imageMeta\":{\"aperture\":\"0\",\"credit\":\"\",\"camera\":\"\",\"caption\":\"\",\"created_timestamp\":\"0\",\"copyright\":\"\",\"focal_length\":\"0\",\"iso\":\"0\",\"shutter_speed\":\"0\",\"title\":\"\",\"orientation\":\"0\",\"keywords\":[]},\"meta\":false,\"postlink\":\"https:\/\/agility-hsg.de\/?attachment_id=3595\"}],\"itemsMetaDataCollection\":[]}<\/script><script>(function(){if(window.PGC_SGB && window.PGC_SGB.searcher){window.PGC_SGB.searcher.initBlocks()}})()<\/script><\/div>","protected":false},"excerpt":{"rendered":"<p>Hoopers bei der HSG Rhein-Sieg Was ist Hoopers? Hoopers ist eine Hundesportart, die sich durch einen flie\u00dfenden, harmonischen Parcours ohne Spr\u00fcnge auszeichnet. Der Hund durchl\u00e4uft den Parcours mit Hoops (B\u00f6gen), Tunneln, Gates und Tonnen, w\u00e4hrend der Mensch ihn aus der Distanz mit K\u00f6rpersprache und H\u00f6rzeichen lenkt. Diese Art des Trainings f\u00f6rdert die Kommunikation zwischen Hund [&hellip;]<\/p>\n","protected":false},"author":2,"featured_media":3878,"parent":0,"menu_order":0,"comment_status":"closed","ping_status":"closed","template":"","meta":{"pgc_sgb_lightbox_settings":"","footnotes":""},"class_list":["post-161","page","type-page","status-publish","has-post-thumbnail","hentry"],"_links":{"self":[{"href":"https:\/\/agility-hsg.de\/index.php?rest_route=\/wp\/v2\/pages\/161","targetHints":{"allow":["GET"]}}],"collection":[{"href":"https:\/\/agility-hsg.de\/index.php?rest_route=\/wp\/v2\/pages"}],"about":[{"href":"https:\/\/agility-hsg.de\/index.php?rest_route=\/wp\/v2\/types\/page"}],"author":[{"embeddable":true,"href":"https:\/\/agility-hsg.de\/index.php?rest_route=\/wp\/v2\/users\/2"}],"replies":[{"embeddable":true,"href":"https:\/\/agility-hsg.de\/index.php?rest_route=%2Fwp%2Fv2%2Fcomments&post=161"}],"version-history":[{"count":5,"href":"https:\/\/agility-hsg.de\/index.php?rest_route=\/wp\/v2\/pages\/161\/revisions"}],"predecessor-version":[{"id":4540,"href":"https:\/\/agility-hsg.de\/index.php?rest_route=\/wp\/v2\/pages\/161\/revisions\/4540"}],"wp:featuredmedia":[{"embeddable":true,"href":"https:\/\/agility-hsg.de\/index.php?rest_route=\/wp\/v2\/media\/3878"}],"wp:attachment":[{"href":"https:\/\/agility-hsg.de\/index.php?rest_route=%2Fwp%2Fv2%2Fmedia&parent=161"}],"curies":[{"name":"wp","href":"https:\/\/api.w.org\/{rel}","templated":true}]}}