{"id":31,"date":"2018-11-26T19:49:25","date_gmt":"2018-11-26T18:49:25","guid":{"rendered":"https:\/\/agilityhundesportgrupperheinsieg1993evhome.wordpress.com\/?page_id=31"},"modified":"2026-03-30T15:33:18","modified_gmt":"2026-03-30T13:33:18","slug":"home","status":"publish","type":"page","link":"https:\/\/agility-hsg.de\/","title":{"rendered":"Home"},"content":{"rendered":"\n<h6 class=\"wp-block-heading alignfull has-text-align-center has-text-color has-link-color has-larger-font-size wp-elements-4afb2bbc6a151a4daf84d31934f8ce8e\" style=\"color:#e29c7d\">Willkommen bei der<\/h6>\n\n\n<div class=\"wp-block-image\">\n<figure class=\"aligncenter size-full is-resized\"><img loading=\"lazy\" decoding=\"async\" width=\"2560\" height=\"1871\" src=\"https:\/\/agility-hsg.de\/wp-content\/uploads\/2025\/07\/Neues_Logo_HSG-scaled.png\" alt=\"\" class=\"wp-image-4013\" style=\"width:234px;height:auto\" srcset=\"https:\/\/agility-hsg.de\/wp-content\/uploads\/2025\/07\/Neues_Logo_HSG-scaled.png 2560w, https:\/\/agility-hsg.de\/wp-content\/uploads\/2025\/07\/Neues_Logo_HSG-300x219.png 300w, https:\/\/agility-hsg.de\/wp-content\/uploads\/2025\/07\/Neues_Logo_HSG-1024x749.png 1024w, https:\/\/agility-hsg.de\/wp-content\/uploads\/2025\/07\/Neues_Logo_HSG-768x561.png 768w, https:\/\/agility-hsg.de\/wp-content\/uploads\/2025\/07\/Neues_Logo_HSG-1536x1123.png 1536w, https:\/\/agility-hsg.de\/wp-content\/uploads\/2025\/07\/Neues_Logo_HSG-2048x1497.png 2048w, https:\/\/agility-hsg.de\/wp-content\/uploads\/2025\/07\/Neues_Logo_HSG-900x658.png 900w, https:\/\/agility-hsg.de\/wp-content\/uploads\/2025\/07\/Neues_Logo_HSG-1280x936.png 1280w\" sizes=\"auto, (max-width: 2560px) 100vw, 2560px\" \/><\/figure><\/div>\n\n\n\n\n\n\n\n\n<div style=\"max-width:600px;margin:20px auto;padding:24px;background:#eaf6ee;border-radius:12px;font-family:sans-serif;line-height:1.6;box-shadow:0 3px 10px rgba(0,0,0,.05);\">\n  <h2 style=\"margin:0 0 16px;text-align:center;font-size:22px;color:#2f7d4a;\">Welpen- und Junghunde<\/h2>\n\n  <div style=\"padding:18px 20px;background:#fff;border:1px solid #cfe4d6;border-radius:10px;text-align:center;\">\n    <p style=\"margin:0 0 14px;font-size:16px;color:#333;\">\n      Jeden Samstag von 10:00 bis 11:00 Uhr hei\u00dfen wir dich und deinen Welpen oder Junghund herzlich willkommen.\n    <\/p>\n\n    <a href=\"https:\/\/whatsapp.com\/channel\/0029VbB6XPQLtOjDErYlW13L\" target=\"_blank\" rel=\"noopener\"\n       style=\"display:inline-block;margin:6px 4px;padding:8px 14px;background:#2f7d4a;color:#fff;font-weight:600;border-radius:6px;text-decoration:none;font-size:14px;\">\n      WhatsApp Channel\n    <\/a>\n\n    <a href=\"mailto:obfrau-basis@agility-hsg.de\"\n       style=\"display:inline-block;margin:6px 4px;padding:8px 14px;background:#2f7d4a;color:#fff;font-weight:600;border-radius:6px;text-decoration:none;font-size:14px;\">\n      Kontakt Tatjana\n    <\/a>\n\n    <p style=\"margin:14px 0 0;font-size:14px;color:#b23a3a;font-weight:600;\">\n      Hinweis: Am 4. April findet die Stunde aufgrund der Osterfeiertage nicht statt.\n    <\/p>\n  <\/div>\n<\/div>\n\n<div style=\"max-width:600px;margin:20px auto;padding:24px;background:#fdeeea;border-radius:12px;font-family:sans-serif;line-height:1.6;box-shadow:0 3px 10px rgba(0,0,0,.05);\">\n  <h2 style=\"margin:0 0 16px;text-align:center;font-size:22px;color:#e39a75;\">Planung 2026<\/h2>\n\n  <div style=\"padding:18px 20px;background:#fff;border:1px solid #f1d2c3;border-radius:10px;text-align:center;\">\n    <p style=\"margin:0 0 10px;font-size:16px;color:#333;\">\n      <strong>Agility:<\/strong> Wir haben aktuell freie Pl\u00e4tze im Agility-Training am Dienstag und Freitag.\n    <\/p>\n\n    <p style=\"margin:0 0 14px;\">\n      <a href=\"?page_id=157\"\n         style=\"display:inline-block;padding:8px 16px;background:#e39a75;color:#fff;font-weight:600;border-radius:6px;text-decoration:none;font-size:14px;\">\n        Mehr Informationen\n      <\/a>\n    <\/p>\n\n    <p style=\"margin:0 0 10px;font-size:16px;color:#333;\">\n      <strong>RallyO und Obedience:<\/strong> F\u00fcr Anfragen f\u00fcr das Jahr 2026 nutzt bitte das Kontaktformular.\n    <\/p>\n\n    <p style=\"margin:0 0 14px;\">\n      <a href=\"?page_id=8\"\n         style=\"display:inline-block;padding:8px 16px;background:#e39a75;color:#fff;font-weight:600;border-radius:6px;text-decoration:none;font-size:14px;\">\n        Kontaktformular\n      <\/a>\n    <\/p>\n\n    <p style=\"margin:0;font-size:16px;color:#333;\">\n      <strong>Hinweis:<\/strong> Im Bereich Hoopers sind leider alle Pl\u00e4tze belegt. Sobald wieder Kapazit\u00e4ten frei werden, informieren wir euch hier.\n    <\/p>\n  <\/div>\n<\/div>\n\n\n\n<hr class=\"wp-block-separator has-alpha-channel-opacity\"\/>\n\n\n\n<div class=\"ce_text block\">\n  <p><strong>Wir bieten:<\/strong><\/p>\n  <ul>\n    <li>\n      Hundesport in den Bereichen&nbsp;&nbsp;\n      <a style=\"color: #80a86f;\" href=\"https:\/\/agility-hsg.de\/?page_id=157\">Agility<\/a>,&nbsp;&nbsp;\n      <a style=\"color: #80a86f;\" href=\"https:\/\/agility-hsg.de\/?page_id=161\">Hoopers<\/a>,&nbsp;&nbsp;\n      <a style=\"color: #80a86f;\" href=\"https:\/\/agility-hsg.de\/?page_id=160\">Rally Obedience<\/a>,&nbsp;\n      <a style=\"color: #80a86f;\" href=\"https:\/\/agility-hsg.de\/?page_id=4205\">Mantrailing<\/a>&nbsp;und&nbsp;\n      <a style=\"color: #80a86f;\" href=\"https:\/\/agility-hsg.de\/?page_id=159\">Obedience<\/a>&nbsp;\u2013 f\u00fcr alle, die Spa\u00df am Training haben, egal ob mit Turnierambitionen oder einfach als gemeinsamer Ausgleich mit ihrem Hund\n    <\/li>\n    <li>\n      <a style=\"color: #80a86f;\" href=\"https:\/\/agility-hsg.de\/?page_id=4237\">Besch\u00e4ftigungsmix<\/a>&nbsp; f\u00fcr alle, die eine sinnvolle Besch\u00e4ftigung suchen, ohne Ambitionen f\u00fcr klassischen Hundesportart oder mit Senioren\n    <\/li>\n    <li>\n      <a style=\"color: #80a86f;\" href=\"https:\/\/agility-hsg.de\/?page_id=4241\">Freie Welpen- und Junghundestunden<\/a>&nbsp;jeden Samstag f\u00fcr Hunde bis 12 Monate\n    <\/li>\n    <li>\n      <a style=\"color: #80a86f;\" href=\"https:\/\/agility-hsg.de\/?page_id=4245\">Erziehungskurse<\/a> bis hin zur \n      <a style=\"color: #80a86f;\" href=\"https:\/\/agility-hsg.de\/?page_id=349\">Begleithundepr\u00fcfung<\/a>\n    <\/li>\n  <\/ul>\n  <h3 style=\"color: #222222; text-align: center;\">Unser Motto: \u201eMit Freude zum Team&#8220;<\/h3>\n  <p>\n    Wir sind Mitglied im Deutschen Verband der Gebrauchshundsportvereine (DVG), VDH und FCI im Landesverband Hessen-Rheinland\/Pfalz.\n  <\/p>\n<\/div>\n\n\n\n<div class=\"welpen-box\">\n  <h2>Herzlichen Dank an unsere Sponsoren<\/h2>\n  <p>Wir m\u00f6chten uns ganz herzlich bei unseren Sponsoren bedanken, die uns bei der Ausrichtung von Turnieren unterst\u00fctzen. <br>Ohne euch w\u00e4re das nicht m\u00f6glich.<\/strong><\/p>\n\n\n\n<div class=\"wp-block-columns is-layout-flex wp-container-core-columns-is-layout-28f84493 wp-block-columns-is-layout-flex\">\n<div class=\"wp-block-column is-layout-flow wp-block-column-is-layout-flow\">\n<figure class=\"wp-block-gallery has-nested-images columns-default is-cropped wp-block-gallery-1 is-layout-flex wp-block-gallery-is-layout-flex\">\n<figure class=\"wp-block-image size-large\"><a href=\"https:\/\/www.beratung-wink.com\/\" target=\"_blank\" rel=\" noreferrer noopener\"><img loading=\"lazy\" decoding=\"async\" width=\"1024\" height=\"334\" data-id=\"4501\" src=\"https:\/\/agility-hsg.de\/wp-content\/uploads\/2026\/02\/BW-GmbH_ohne-1024x334.jpg\" alt=\"\" class=\"wp-image-4501\" srcset=\"https:\/\/agility-hsg.de\/wp-content\/uploads\/2026\/02\/BW-GmbH_ohne-1024x334.jpg 1024w, https:\/\/agility-hsg.de\/wp-content\/uploads\/2026\/02\/BW-GmbH_ohne-300x98.jpg 300w, https:\/\/agility-hsg.de\/wp-content\/uploads\/2026\/02\/BW-GmbH_ohne-768x251.jpg 768w, https:\/\/agility-hsg.de\/wp-content\/uploads\/2026\/02\/BW-GmbH_ohne-900x294.jpg 900w, https:\/\/agility-hsg.de\/wp-content\/uploads\/2026\/02\/BW-GmbH_ohne.jpg 1131w\" sizes=\"auto, (max-width: 1024px) 100vw, 1024px\" \/><\/a><\/figure>\n<\/figure>\n<\/div>\n\n\n\n<div class=\"wp-block-column is-layout-flow wp-block-column-is-layout-flow\">\n<figure class=\"wp-block-image size-full\"><a href=\"https:\/\/www.stilgeleint.de\/\" target=\"_blank\" rel=\" noreferrer noopener\"><img loading=\"lazy\" decoding=\"async\" width=\"911\" height=\"911\" src=\"https:\/\/agility-hsg.de\/wp-content\/uploads\/2026\/02\/image-911x911-1.png\" alt=\"\" class=\"wp-image-4499\" srcset=\"https:\/\/agility-hsg.de\/wp-content\/uploads\/2026\/02\/image-911x911-1.png 911w, https:\/\/agility-hsg.de\/wp-content\/uploads\/2026\/02\/image-911x911-1-300x300.png 300w, https:\/\/agility-hsg.de\/wp-content\/uploads\/2026\/02\/image-911x911-1-150x150.png 150w, https:\/\/agility-hsg.de\/wp-content\/uploads\/2026\/02\/image-911x911-1-768x768.png 768w, https:\/\/agility-hsg.de\/wp-content\/uploads\/2026\/02\/image-911x911-1-88x88.png 88w, https:\/\/agility-hsg.de\/wp-content\/uploads\/2026\/02\/image-911x911-1-900x900.png 900w\" sizes=\"auto, (max-width: 911px) 100vw, 911px\" \/><\/a><\/figure>\n<\/div>\n\n\n\n<div class=\"wp-block-column is-layout-flow wp-block-column-is-layout-flow\">\n<figure class=\"wp-block-gallery has-nested-images columns-default is-cropped wp-block-gallery-2 is-layout-flex wp-block-gallery-is-layout-flex\">\n<figure class=\"wp-block-image size-medium is-resized\"><a href=\"https:\/\/www.henrys-kostbarkeiten.de\/?language=de\" target=\"_blank\" rel=\" noreferrer noopener\"><img loading=\"lazy\" decoding=\"async\" width=\"300\" height=\"300\" data-id=\"4009\" src=\"https:\/\/agility-hsg.de\/wp-content\/uploads\/2025\/07\/Logo-Henrys-Kostbarkeiten-2-300x300.png\" alt=\"\" class=\"wp-image-4009\" style=\"width:182px;height:auto\" srcset=\"https:\/\/agility-hsg.de\/wp-content\/uploads\/2025\/07\/Logo-Henrys-Kostbarkeiten-2-300x300.png 300w, https:\/\/agility-hsg.de\/wp-content\/uploads\/2025\/07\/Logo-Henrys-Kostbarkeiten-2-1024x1024.png 1024w, https:\/\/agility-hsg.de\/wp-content\/uploads\/2025\/07\/Logo-Henrys-Kostbarkeiten-2-150x150.png 150w, https:\/\/agility-hsg.de\/wp-content\/uploads\/2025\/07\/Logo-Henrys-Kostbarkeiten-2-768x768.png 768w, https:\/\/agility-hsg.de\/wp-content\/uploads\/2025\/07\/Logo-Henrys-Kostbarkeiten-2-1536x1536.png 1536w, https:\/\/agility-hsg.de\/wp-content\/uploads\/2025\/07\/Logo-Henrys-Kostbarkeiten-2-2048x2048.png 2048w, https:\/\/agility-hsg.de\/wp-content\/uploads\/2025\/07\/Logo-Henrys-Kostbarkeiten-2-88x88.png 88w, https:\/\/agility-hsg.de\/wp-content\/uploads\/2025\/07\/Logo-Henrys-Kostbarkeiten-2-900x900.png 900w, https:\/\/agility-hsg.de\/wp-content\/uploads\/2025\/07\/Logo-Henrys-Kostbarkeiten-2-1280x1280.png 1280w\" sizes=\"auto, (max-width: 300px) 100vw, 300px\" \/><\/a><\/figure>\n<\/figure>\n<\/div>\n<\/div>\n\n\n\n<div class=\"wp-block-columns is-layout-flex wp-container-core-columns-is-layout-28f84493 wp-block-columns-is-layout-flex\">\n<div class=\"wp-block-column is-layout-flow wp-block-column-is-layout-flow\">\n<figure class=\"wp-block-gallery has-nested-images columns-default is-cropped wp-block-gallery-3 is-layout-flex wp-block-gallery-is-layout-flex\">\n<figure class=\"wp-block-image size-large\"><a href=\"https:\/\/www.granatapet.de\/\" target=\"_blank\" rel=\" noreferrer noopener\"><img loading=\"lazy\" decoding=\"async\" width=\"1024\" height=\"670\" data-id=\"4496\" src=\"https:\/\/agility-hsg.de\/wp-content\/uploads\/2026\/02\/GranataPet_Logo_pantone-1-1024x670.png\" alt=\"\" class=\"wp-image-4496\" srcset=\"https:\/\/agility-hsg.de\/wp-content\/uploads\/2026\/02\/GranataPet_Logo_pantone-1-1024x670.png 1024w, https:\/\/agility-hsg.de\/wp-content\/uploads\/2026\/02\/GranataPet_Logo_pantone-1-300x196.png 300w, https:\/\/agility-hsg.de\/wp-content\/uploads\/2026\/02\/GranataPet_Logo_pantone-1-768x502.png 768w, https:\/\/agility-hsg.de\/wp-content\/uploads\/2026\/02\/GranataPet_Logo_pantone-1-1536x1004.png 1536w, https:\/\/agility-hsg.de\/wp-content\/uploads\/2026\/02\/GranataPet_Logo_pantone-1-2048x1339.png 2048w, https:\/\/agility-hsg.de\/wp-content\/uploads\/2026\/02\/GranataPet_Logo_pantone-1-900x588.png 900w, https:\/\/agility-hsg.de\/wp-content\/uploads\/2026\/02\/GranataPet_Logo_pantone-1-1280x837.png 1280w\" sizes=\"auto, (max-width: 1024px) 100vw, 1024px\" \/><\/a><\/figure>\n<\/figure>\n<\/div>\n\n\n\n<div class=\"wp-block-column is-layout-flow wp-block-column-is-layout-flow\">\n<figure class=\"wp-block-image size-large\"><a href=\"https:\/\/www.platinum.com\/startseite\/\" target=\"_blank\" rel=\" noreferrer noopener\"><img loading=\"lazy\" decoding=\"async\" width=\"1024\" height=\"414\" src=\"https:\/\/agility-hsg.de\/wp-content\/uploads\/2025\/07\/05_Logo_Platinum_schwarz-1024x414.jpg\" alt=\"\" class=\"wp-image-4005\" srcset=\"https:\/\/agility-hsg.de\/wp-content\/uploads\/2025\/07\/05_Logo_Platinum_schwarz-1024x414.jpg 1024w, https:\/\/agility-hsg.de\/wp-content\/uploads\/2025\/07\/05_Logo_Platinum_schwarz-300x121.jpg 300w, https:\/\/agility-hsg.de\/wp-content\/uploads\/2025\/07\/05_Logo_Platinum_schwarz-768x311.jpg 768w, https:\/\/agility-hsg.de\/wp-content\/uploads\/2025\/07\/05_Logo_Platinum_schwarz-900x364.jpg 900w, https:\/\/agility-hsg.de\/wp-content\/uploads\/2025\/07\/05_Logo_Platinum_schwarz-1280x518.jpg 1280w, https:\/\/agility-hsg.de\/wp-content\/uploads\/2025\/07\/05_Logo_Platinum_schwarz.jpg 1364w\" sizes=\"auto, (max-width: 1024px) 100vw, 1024px\" \/><\/a><\/figure>\n\n\n\n<figure class=\"wp-block-image size-full is-resized\"><img loading=\"lazy\" decoding=\"async\" width=\"512\" height=\"128\" src=\"https:\/\/agility-hsg.de\/wp-content\/uploads\/2026\/02\/wildborn.png\" alt=\"\" class=\"wp-image-4464\" style=\"width:183px;height:auto\" srcset=\"https:\/\/agility-hsg.de\/wp-content\/uploads\/2026\/02\/wildborn.png 512w, https:\/\/agility-hsg.de\/wp-content\/uploads\/2026\/02\/wildborn-300x75.png 300w\" sizes=\"auto, (max-width: 512px) 100vw, 512px\" \/><\/figure>\n<\/div>\n\n\n\n<div class=\"wp-block-column is-layout-flow wp-block-column-is-layout-flow\">\n<figure class=\"wp-block-image size-full\"><a href=\"https:\/\/labogen.com\/\" target=\"_blank\" rel=\" noreferrer noopener\"><img loading=\"lazy\" decoding=\"async\" width=\"484\" height=\"105\" src=\"https:\/\/agility-hsg.de\/wp-content\/uploads\/2025\/07\/laboklin-1.jpg\" alt=\"\" class=\"wp-image-4103\" srcset=\"https:\/\/agility-hsg.de\/wp-content\/uploads\/2025\/07\/laboklin-1.jpg 484w, https:\/\/agility-hsg.de\/wp-content\/uploads\/2025\/07\/laboklin-1-300x65.jpg 300w\" sizes=\"auto, (max-width: 484px) 100vw, 484px\" \/><\/a><\/figure>\n<\/div>\n<\/div>\n\n\n\n<figure class=\"wp-block-gallery has-nested-images columns-default is-cropped wp-block-gallery-4 is-layout-flex wp-block-gallery-is-layout-flex\"><\/figure>\n\n\n\n<p><\/p>\n","protected":false},"excerpt":{"rendered":"<p>Willkommen bei der Welpen- und Junghunde Jeden Samstag von 10:00 bis 11:00 Uhr hei\u00dfen wir dich und deinen Welpen oder Junghund herzlich willkommen. WhatsApp Channel Kontakt Tatjana Hinweis: Am 4. April findet die Stunde aufgrund der Osterfeiertage nicht statt. Planung 2026 Agility: Wir haben aktuell freie Pl\u00e4tze im Agility-Training am Dienstag und Freitag. Mehr Informationen [&hellip;]<\/p>\n","protected":false},"author":2,"featured_media":3923,"parent":0,"menu_order":0,"comment_status":"closed","ping_status":"closed","template":"","meta":{"pgc_sgb_lightbox_settings":"","footnotes":""},"class_list":["post-31","page","type-page","status-publish","has-post-thumbnail","hentry"],"_links":{"self":[{"href":"https:\/\/agility-hsg.de\/index.php?rest_route=\/wp\/v2\/pages\/31","targetHints":{"allow":["GET"]}}],"collection":[{"href":"https:\/\/agility-hsg.de\/index.php?rest_route=\/wp\/v2\/pages"}],"about":[{"href":"https:\/\/agility-hsg.de\/index.php?rest_route=\/wp\/v2\/types\/page"}],"author":[{"embeddable":true,"href":"https:\/\/agility-hsg.de\/index.php?rest_route=\/wp\/v2\/users\/2"}],"replies":[{"embeddable":true,"href":"https:\/\/agility-hsg.de\/index.php?rest_route=%2Fwp%2Fv2%2Fcomments&post=31"}],"version-history":[{"count":263,"href":"https:\/\/agility-hsg.de\/index.php?rest_route=\/wp\/v2\/pages\/31\/revisions"}],"predecessor-version":[{"id":4534,"href":"https:\/\/agility-hsg.de\/index.php?rest_route=\/wp\/v2\/pages\/31\/revisions\/4534"}],"wp:featuredmedia":[{"embeddable":true,"href":"https:\/\/agility-hsg.de\/index.php?rest_route=\/wp\/v2\/media\/3923"}],"wp:attachment":[{"href":"https:\/\/agility-hsg.de\/index.php?rest_route=%2Fwp%2Fv2%2Fmedia&parent=31"}],"curies":[{"name":"wp","href":"https:\/\/api.w.org\/{rel}","templated":true}]}}