{"id":3439,"date":"2025-02-07T12:36:10","date_gmt":"2025-02-07T11:36:10","guid":{"rendered":"https:\/\/agility-hsg.de\/?page_id=3439"},"modified":"2025-08-20T11:38:57","modified_gmt":"2025-08-20T09:38:57","slug":"news","status":"publish","type":"page","link":"https:\/\/agility-hsg.de\/?page_id=3439","title":{"rendered":"News"},"content":{"rendered":"\n<div class=\"wp-block-columns is-layout-flex wp-container-core-columns-is-layout-28f84493 wp-block-columns-is-layout-flex\">\n<div class=\"wp-block-column is-layout-flow wp-block-column-is-layout-flow\" style=\"flex-basis:100%\"><ul class=\"wp-block-latest-posts__list is-grid columns-3 has-dates wp-block-latest-posts\"><li><div class=\"wp-block-latest-posts__featured-image\"><a href=\"https:\/\/agility-hsg.de\/?p=4376\" aria-label=\"Ein erfolgreicher Oktober f\u00fcr die HSG \u2013 starke Leistungen in allen Sparten\"><img loading=\"lazy\" decoding=\"async\" width=\"150\" height=\"150\" src=\"https:\/\/agility-hsg.de\/wp-content\/uploads\/2025\/10\/logo_header-150x150.jpg\" class=\"attachment-thumbnail size-thumbnail wp-post-image\" alt=\"\" style=\"max-width:113px;max-height:113px;\" srcset=\"https:\/\/agility-hsg.de\/wp-content\/uploads\/2025\/10\/logo_header-150x150.jpg 150w, https:\/\/agility-hsg.de\/wp-content\/uploads\/2025\/10\/logo_header-88x88.jpg 88w\" sizes=\"auto, (max-width: 150px) 100vw, 150px\" \/><\/a><\/div><a class=\"wp-block-latest-posts__post-title\" href=\"https:\/\/agility-hsg.de\/?p=4376\">Ein erfolgreicher Oktober f\u00fcr die HSG \u2013 starke Leistungen in allen Sparten<\/a><time datetime=\"2025-10-30T14:40:23+01:00\" class=\"wp-block-latest-posts__post-date\">30. Oktober 2025<\/time><div class=\"wp-block-latest-posts__post-excerpt\">Der Oktober war f\u00fcr die Mitglieder der HSG ein rundum gelungener Monat. In Hoopers, Agility, Rally Obedience und Obedience zeigten unsere Teams ihr K\u00f6nnen und sammelten zahlreiche Platzierungen. Hoopers Den\u2026\u00a0<a class=\"wp-block-latest-posts__read-more\" href=\"https:\/\/agility-hsg.de\/?p=4376\" rel=\"noopener noreferrer\"><span class=\"screen-reader-text\">Ein erfolgreicher Oktober f\u00fcr die HSG \u2013 starke Leistungen in allen Sparten <\/span>weiterlesen<\/a><\/div><\/li>\n<li><div class=\"wp-block-latest-posts__featured-image\"><a href=\"https:\/\/agility-hsg.de\/?p=4347\" aria-label=\"Obedience- und Begleithund-Pr\u00fcfungen 2025 bei der HSG\"><img loading=\"lazy\" decoding=\"async\" width=\"150\" height=\"150\" src=\"https:\/\/agility-hsg.de\/wp-content\/uploads\/2025\/10\/Begleithundpruefung-e1761552459851-150x150.jpg\" class=\"attachment-thumbnail size-thumbnail wp-post-image\" alt=\"\" style=\"max-width:113px;max-height:113px;\" srcset=\"https:\/\/agility-hsg.de\/wp-content\/uploads\/2025\/10\/Begleithundpruefung-e1761552459851-150x150.jpg 150w, https:\/\/agility-hsg.de\/wp-content\/uploads\/2025\/10\/Begleithundpruefung-e1761552459851-88x88.jpg 88w\" sizes=\"auto, (max-width: 150px) 100vw, 150px\" \/><\/a><\/div><a class=\"wp-block-latest-posts__post-title\" href=\"https:\/\/agility-hsg.de\/?p=4347\">Obedience- und Begleithund-Pr\u00fcfungen 2025 bei der HSG<\/a><time datetime=\"2025-10-24T15:30:39+02:00\" class=\"wp-block-latest-posts__post-date\">24. Oktober 2025<\/time><div class=\"wp-block-latest-posts__post-excerpt\">Unser Verein hat in diesem Jahr gleich zwei Pr\u00fcfungsveranstaltungen rund um die Begleithundpr\u00fcfung (BH\/VT) ausgerichtet: eine reine BH-Pr\u00fcfung und eine kombinierte Veranstaltung mit Obedience-Pr\u00fcfung. Insgesamt 13 Hunde haben die Begleithundepr\u00fcfung\u2026\u00a0<a class=\"wp-block-latest-posts__read-more\" href=\"https:\/\/agility-hsg.de\/?p=4347\" rel=\"noopener noreferrer\"><span class=\"screen-reader-text\">Obedience- und Begleithund-Pr\u00fcfungen 2025 bei der HSG <\/span>weiterlesen<\/a><\/div><\/li>\n<li><div class=\"wp-block-latest-posts__featured-image\"><a href=\"https:\/\/agility-hsg.de\/?p=4176\" aria-label=\"Erfolg bei der BSP Hoopers 2025: Jenny mit Kari-Kiu auf Platz 2.\"><img loading=\"lazy\" decoding=\"async\" width=\"150\" height=\"150\" src=\"https:\/\/agility-hsg.de\/wp-content\/uploads\/2025\/09\/test_collage2-1-150x150.jpg\" class=\"attachment-thumbnail size-thumbnail wp-post-image\" alt=\"\" style=\"max-width:113px;max-height:113px;\" srcset=\"https:\/\/agility-hsg.de\/wp-content\/uploads\/2025\/09\/test_collage2-1-150x150.jpg 150w, https:\/\/agility-hsg.de\/wp-content\/uploads\/2025\/09\/test_collage2-1-88x88.jpg 88w\" sizes=\"auto, (max-width: 150px) 100vw, 150px\" \/><\/a><\/div><a class=\"wp-block-latest-posts__post-title\" href=\"https:\/\/agility-hsg.de\/?p=4176\">Erfolg bei der BSP Hoopers 2025: Jenny mit Kari-Kiu auf Platz 2.<\/a><time datetime=\"2025-09-01T20:30:50+02:00\" class=\"wp-block-latest-posts__post-date\">1. September 2025<\/time><div class=\"wp-block-latest-posts__post-excerpt\">Am Wochenende vom 30. und 31. August 2025 fand im Hembergstadion S\u00fcd in Iserlohn die Bundessiegerpr\u00fcfung Hoopers statt, ausgerichtet vom MV Oestrich e.V. Insgesamt nahmen 160 Teams an der Pr\u00fcfung\u2026\u00a0<a class=\"wp-block-latest-posts__read-more\" href=\"https:\/\/agility-hsg.de\/?p=4176\" rel=\"noopener noreferrer\"><span class=\"screen-reader-text\">Erfolg bei der BSP Hoopers 2025: Jenny mit Kari-Kiu auf Platz 2. <\/span>weiterlesen<\/a><\/div><\/li>\n<li><div class=\"wp-block-latest-posts__featured-image\"><a href=\"https:\/\/agility-hsg.de\/?p=4138\" aria-label=\"REWE-CUP 2025: Ein voller Erfolg\"><img loading=\"lazy\" decoding=\"async\" width=\"150\" height=\"150\" src=\"https:\/\/agility-hsg.de\/wp-content\/uploads\/2025\/08\/Rewe-Cup-Header-150x150.png\" class=\"attachment-thumbnail size-thumbnail wp-post-image\" alt=\"\" style=\"max-width:113px;max-height:113px;\" srcset=\"https:\/\/agility-hsg.de\/wp-content\/uploads\/2025\/08\/Rewe-Cup-Header-150x150.png 150w, https:\/\/agility-hsg.de\/wp-content\/uploads\/2025\/08\/Rewe-Cup-Header-88x88.png 88w\" sizes=\"auto, (max-width: 150px) 100vw, 150px\" \/><\/a><\/div><a class=\"wp-block-latest-posts__post-title\" href=\"https:\/\/agility-hsg.de\/?p=4138\">REWE-CUP 2025: Ein voller Erfolg<\/a><time datetime=\"2025-08-20T10:12:26+02:00\" class=\"wp-block-latest-posts__post-date\">20. August 2025<\/time><div class=\"wp-block-latest-posts__post-excerpt\">Der Rewe Cup 2025 brachte auch in diesem Jahr wieder spannende L\u00e4ufe, viel Begeisterung und ein sportliches Miteinander auf unser Vereinsgel\u00e4nde. Die von Richter J\u00fcrgen Ketschker entworfenen Parcours \u00fcberzeugten durch\u2026\u00a0<a class=\"wp-block-latest-posts__read-more\" href=\"https:\/\/agility-hsg.de\/?p=4138\" rel=\"noopener noreferrer\"><span class=\"screen-reader-text\">REWE-CUP 2025: Ein voller Erfolg <\/span>weiterlesen<\/a><\/div><\/li>\n<li><div class=\"wp-block-latest-posts__featured-image\"><a href=\"https:\/\/agility-hsg.de\/?p=3935\" aria-label=\"Ein gelungenes Agility Turnierwochenende bei der HSG\"><img loading=\"lazy\" decoding=\"async\" width=\"150\" height=\"150\" src=\"https:\/\/agility-hsg.de\/wp-content\/uploads\/2025\/06\/header-150x150.jpg\" class=\"attachment-thumbnail size-thumbnail wp-post-image\" alt=\"\" style=\"max-width:113px;max-height:113px;\" srcset=\"https:\/\/agility-hsg.de\/wp-content\/uploads\/2025\/06\/header-150x150.jpg 150w, https:\/\/agility-hsg.de\/wp-content\/uploads\/2025\/06\/header-88x88.jpg 88w\" sizes=\"auto, (max-width: 150px) 100vw, 150px\" \/><\/a><\/div><a class=\"wp-block-latest-posts__post-title\" href=\"https:\/\/agility-hsg.de\/?p=3935\">Ein gelungenes Agility Turnierwochenende bei der HSG<\/a><time datetime=\"2025-06-20T11:38:29+02:00\" class=\"wp-block-latest-posts__post-date\">20. Juni 2025<\/time><div class=\"wp-block-latest-posts__post-excerpt\">Am Samstag, den 14. Juni 2025, fand auf dem Gel\u00e4nde der HSG unser Agilityturnier statt. Die Veranstaltung war gepr\u00e4gt von viel Energie, guter Stimmung und der gro\u00dfartigen Unterst\u00fctzung unseres Hauptsponsors\u2026\u00a0<a class=\"wp-block-latest-posts__read-more\" href=\"https:\/\/agility-hsg.de\/?p=3935\" rel=\"noopener noreferrer\"><span class=\"screen-reader-text\">Ein gelungenes Agility Turnierwochenende bei der HSG <\/span>weiterlesen<\/a><\/div><\/li>\n<li><div class=\"wp-block-latest-posts__featured-image\"><a href=\"https:\/\/agility-hsg.de\/?p=3790\" aria-label=\"Rally Obedience und Hoopers Turnier-Wochenende\"><img loading=\"lazy\" decoding=\"async\" width=\"150\" height=\"150\" src=\"https:\/\/agility-hsg.de\/wp-content\/uploads\/2025\/05\/Kopfbild-RO-Hoopers-WE-150x150.jpg\" class=\"attachment-thumbnail size-thumbnail wp-post-image\" alt=\"\" style=\"max-width:113px;max-height:113px;\" srcset=\"https:\/\/agility-hsg.de\/wp-content\/uploads\/2025\/05\/Kopfbild-RO-Hoopers-WE-150x150.jpg 150w, https:\/\/agility-hsg.de\/wp-content\/uploads\/2025\/05\/Kopfbild-RO-Hoopers-WE-88x88.jpg 88w\" sizes=\"auto, (max-width: 150px) 100vw, 150px\" \/><\/a><\/div><a class=\"wp-block-latest-posts__post-title\" href=\"https:\/\/agility-hsg.de\/?p=3790\">Rally Obedience und Hoopers Turnier-Wochenende<\/a><time datetime=\"2025-05-29T20:57:05+02:00\" class=\"wp-block-latest-posts__post-date\">29. Mai 2025<\/time><div class=\"wp-block-latest-posts__post-excerpt\">Ein Wochenende mit bester Laune und tollen L\u00e4ufen Am Samstag startete unser Turnierwochenende bei angenehmem Wetter mit Rally Obi. Ausgesprochen viele Teams zeigten starke Leistungen und erreichten vorz\u00fcgliche Bewertungen. Als\u2026\u00a0<a class=\"wp-block-latest-posts__read-more\" href=\"https:\/\/agility-hsg.de\/?p=3790\" rel=\"noopener noreferrer\"><span class=\"screen-reader-text\">Rally Obedience und Hoopers Turnier-Wochenende <\/span>weiterlesen<\/a><\/div><\/li>\n<li><div class=\"wp-block-latest-posts__featured-image\"><a href=\"https:\/\/agility-hsg.de\/?p=3726\" aria-label=\"Unser erstes  FCI Rally Obedience Turnier mit anschlie\u00dfendem Seminar\"><img loading=\"lazy\" decoding=\"async\" width=\"150\" height=\"150\" src=\"https:\/\/agility-hsg.de\/wp-content\/uploads\/2025\/05\/20250510_152126-scaled-e1755683103505-150x150.jpg\" class=\"attachment-thumbnail size-thumbnail wp-post-image\" alt=\"\" style=\"max-width:113px;max-height:113px;\" srcset=\"https:\/\/agility-hsg.de\/wp-content\/uploads\/2025\/05\/20250510_152126-scaled-e1755683103505-150x150.jpg 150w, https:\/\/agility-hsg.de\/wp-content\/uploads\/2025\/05\/20250510_152126-scaled-e1755683103505-88x88.jpg 88w\" sizes=\"auto, (max-width: 150px) 100vw, 150px\" \/><\/a><\/div><a class=\"wp-block-latest-posts__post-title\" href=\"https:\/\/agility-hsg.de\/?p=3726\">Unser erstes  FCI Rally Obedience Turnier mit anschlie\u00dfendem Seminar<\/a><time datetime=\"2025-05-14T09:44:49+02:00\" class=\"wp-block-latest-posts__post-date\">14. Mai 2025<\/time><div class=\"wp-block-latest-posts__post-excerpt\">Am 10. Mai 2025 war es endlich so weit: Die Agility Hundesportgruppe Rhein-Sieg richtete ihr erstes FCI Rally Obedience Turnier aus \u2013 und h\u00e4tte sich kaum bessere Bedingungen w\u00fcnschen k\u00f6nnen.\u2026\u00a0<a class=\"wp-block-latest-posts__read-more\" href=\"https:\/\/agility-hsg.de\/?p=3726\" rel=\"noopener noreferrer\"><span class=\"screen-reader-text\">Unser erstes  FCI Rally Obedience Turnier mit anschlie\u00dfendem Seminar <\/span>weiterlesen<\/a><\/div><\/li>\n<li><div class=\"wp-block-latest-posts__featured-image\"><a href=\"https:\/\/agility-hsg.de\/?p=3666\" aria-label=\"Welpenkurs- Besuch bei den Pferden: Ein aufregender Tag f\u00fcr unsere Welpen\"><img loading=\"lazy\" decoding=\"async\" width=\"150\" height=\"150\" src=\"https:\/\/agility-hsg.de\/wp-content\/uploads\/2025\/04\/Pferd3-150x150.jpg\" class=\"attachment-thumbnail size-thumbnail wp-post-image\" alt=\"\" style=\"max-width:113px;max-height:113px;\" srcset=\"https:\/\/agility-hsg.de\/wp-content\/uploads\/2025\/04\/Pferd3-150x150.jpg 150w, https:\/\/agility-hsg.de\/wp-content\/uploads\/2025\/04\/Pferd3-88x88.jpg 88w\" sizes=\"auto, (max-width: 150px) 100vw, 150px\" \/><\/a><\/div><a class=\"wp-block-latest-posts__post-title\" href=\"https:\/\/agility-hsg.de\/?p=3666\">Welpenkurs- Besuch bei den Pferden: Ein aufregender Tag f\u00fcr unsere Welpen<\/a><time datetime=\"2025-04-09T20:10:01+02:00\" class=\"wp-block-latest-posts__post-date\">9. April 2025<\/time><div class=\"wp-block-latest-posts__post-excerpt\">Im Rahmen unseres Welpenerziehungskurses haben wir einen ganz besonderen Ausflug gemacht: Zu Besuch bei den Pferden an der Eschmar M\u00fchle in Troisdorf! Zun\u00e4chst trafen wir uns auf dem angrenzenden Feld,\u2026\u00a0<a class=\"wp-block-latest-posts__read-more\" href=\"https:\/\/agility-hsg.de\/?p=3666\" rel=\"noopener noreferrer\"><span class=\"screen-reader-text\">Welpenkurs- Besuch bei den Pferden: Ein aufregender Tag f\u00fcr unsere Welpen <\/span>weiterlesen<\/a><\/div><\/li>\n<\/ul><\/div>\n<\/div>\n","protected":false},"excerpt":{"rendered":"","protected":false},"author":2,"featured_media":3923,"parent":0,"menu_order":0,"comment_status":"closed","ping_status":"closed","template":"","meta":{"pgc_sgb_lightbox_settings":"","footnotes":""},"class_list":["post-3439","page","type-page","status-publish","has-post-thumbnail","hentry"],"_links":{"self":[{"href":"https:\/\/agility-hsg.de\/index.php?rest_route=\/wp\/v2\/pages\/3439","targetHints":{"allow":["GET"]}}],"collection":[{"href":"https:\/\/agility-hsg.de\/index.php?rest_route=\/wp\/v2\/pages"}],"about":[{"href":"https:\/\/agility-hsg.de\/index.php?rest_route=\/wp\/v2\/types\/page"}],"author":[{"embeddable":true,"href":"https:\/\/agility-hsg.de\/index.php?rest_route=\/wp\/v2\/users\/2"}],"replies":[{"embeddable":true,"href":"https:\/\/agility-hsg.de\/index.php?rest_route=%2Fwp%2Fv2%2Fcomments&post=3439"}],"version-history":[{"count":8,"href":"https:\/\/agility-hsg.de\/index.php?rest_route=\/wp\/v2\/pages\/3439\/revisions"}],"predecessor-version":[{"id":3447,"href":"https:\/\/agility-hsg.de\/index.php?rest_route=\/wp\/v2\/pages\/3439\/revisions\/3447"}],"wp:featuredmedia":[{"embeddable":true,"href":"https:\/\/agility-hsg.de\/index.php?rest_route=\/wp\/v2\/media\/3923"}],"wp:attachment":[{"href":"https:\/\/agility-hsg.de\/index.php?rest_route=%2Fwp%2Fv2%2Fmedia&parent=3439"}],"curies":[{"name":"wp","href":"https:\/\/api.w.org\/{rel}","templated":true}]}}