{"id":358,"date":"2018-11-27T12:00:55","date_gmt":"2018-11-27T11:00:55","guid":{"rendered":"https:\/\/agilityhundesportgrupperheinsieg1993evhome.wordpress.com\/?page_id=358"},"modified":"2025-07-23T18:44:25","modified_gmt":"2025-07-23T16:44:25","slug":"platzordnung","status":"publish","type":"page","link":"https:\/\/agility-hsg.de\/?page_id=358","title":{"rendered":"Platzordnung"},"content":{"rendered":"<div id=\"platzordnung\" class=\"mod_article block\">\n<div class=\"ce_text block\">\n<p data-start=\"167\" data-end=\"229\"><strong data-start=\"167\" data-end=\"229\">Gemeinsam unterwegs \u2013 unsere Regeln auf dem Vereinsgel\u00e4nde<\/strong><\/p>\n<p data-start=\"231\" data-end=\"471\">Unser Ziel ist es, dass Mensch und Hund gemeinsam Spa\u00df am Hundesport haben. Ob im Training, bei Wettk\u00e4mpfen oder im Vereinsleben \u2013 damit das Miteinander f\u00fcr alle gut funktioniert, gibt es ein paar einfache Dinge, die wir gemeinsam beachten.<\/p>\n<ul data-start=\"473\" data-end=\"1345\">\n<li data-start=\"473\" data-end=\"574\">\n<p data-start=\"475\" data-end=\"574\">Bevor du das Gel\u00e4nde betrittst, gib deinem Hund bitte die M\u00f6glichkeit, sich ausreichend zu l\u00f6sen.<\/p>\n<\/li>\n<li data-start=\"473\" data-end=\"574\">\n<p data-start=\"475\" data-end=\"574\">Beim ersten Besuch bring bitte den g\u00fcltigen Impfausweis und einen Nachweis der Haftpflichtversicherung deines Hundes mit.<\/p>\n<\/li>\n<li data-start=\"701\" data-end=\"799\">\n<p data-start=\"703\" data-end=\"799\">Auf dem gesamten Gel\u00e4nde bleibt dein Hund angeleint, au\u00dfer deine Trainerin sagt etwas anderes.<\/p>\n<\/li>\n<li data-start=\"800\" data-end=\"875\">\n<p data-start=\"802\" data-end=\"875\">Die Pl\u00e4tze werden nur betreten, wenn deine Trainerin sie freigibt.<\/p>\n<\/li>\n<li data-start=\"876\" data-end=\"916\">\n<p data-start=\"878\" data-end=\"916\">Auf den Pl\u00e4tzen wird nicht geraucht.<\/p>\n<\/li>\n<li data-start=\"917\" data-end=\"1000\">\n<p data-start=\"919\" data-end=\"1000\">W\u00e4hrend des Auf- und Abbaus der Ger\u00e4te bleibt dein Hund ebenfalls an der Leine.<\/p>\n<\/li>\n<li data-start=\"1001\" data-end=\"1108\">\n<p data-start=\"1003\" data-end=\"1108\">Wir alle achten gemeinsam auf Sauberkeit. Hinterlassenschaften deines Hundes entsorgst du bitte direkt.<\/p>\n<\/li>\n<li data-start=\"1109\" data-end=\"1252\">\n<p data-start=\"1111\" data-end=\"1252\">Sollte sich dein Hund doch einmal auf dem Turnierplatz l\u00f6sen, wandern 1 Euro, bei mehrfacher Wiederholung 5 Euro in die Gemeinschaftskasse.<\/p>\n<\/li>\n<li data-start=\"1253\" data-end=\"1345\">\n<p data-start=\"1255\" data-end=\"1345\">Wenn Ger\u00e4te verunreinigt werden, reinige sie bitte direkt mit Wasser und Reinigungsmittel.<\/p>\n<\/li>\n<\/ul>\n<p data-start=\"1347\" data-end=\"1488\">Diese Regeln helfen uns, einen sicheren, fairen und freundlichen Rahmen f\u00fcr alle Zwei- und Vierbeiner zu schaffen. Vielen Dank, dass du sie mittr\u00e4gst.<\/p>\n<\/div>\n<p style=\"text-align: right;\">\n<\/div>\n","protected":false},"excerpt":{"rendered":"<p>Gemeinsam unterwegs \u2013 unsere Regeln auf dem Vereinsgel\u00e4nde Unser Ziel ist es, dass Mensch und Hund gemeinsam Spa\u00df am Hundesport haben. Ob im Training, bei Wettk\u00e4mpfen oder im Vereinsleben \u2013 damit das Miteinander f\u00fcr alle gut funktioniert, gibt es ein paar einfache Dinge, die wir gemeinsam beachten. Bevor du das Gel\u00e4nde betrittst, gib deinem Hund [&hellip;]<\/p>\n","protected":false},"author":2,"featured_media":0,"parent":0,"menu_order":0,"comment_status":"closed","ping_status":"closed","template":"","meta":{"pgc_sgb_lightbox_settings":"","footnotes":""},"class_list":["post-358","page","type-page","status-publish","hentry"],"_links":{"self":[{"href":"https:\/\/agility-hsg.de\/index.php?rest_route=\/wp\/v2\/pages\/358","targetHints":{"allow":["GET"]}}],"collection":[{"href":"https:\/\/agility-hsg.de\/index.php?rest_route=\/wp\/v2\/pages"}],"about":[{"href":"https:\/\/agility-hsg.de\/index.php?rest_route=\/wp\/v2\/types\/page"}],"author":[{"embeddable":true,"href":"https:\/\/agility-hsg.de\/index.php?rest_route=\/wp\/v2\/users\/2"}],"replies":[{"embeddable":true,"href":"https:\/\/agility-hsg.de\/index.php?rest_route=%2Fwp%2Fv2%2Fcomments&post=358"}],"version-history":[{"count":5,"href":"https:\/\/agility-hsg.de\/index.php?rest_route=\/wp\/v2\/pages\/358\/revisions"}],"predecessor-version":[{"id":4030,"href":"https:\/\/agility-hsg.de\/index.php?rest_route=\/wp\/v2\/pages\/358\/revisions\/4030"}],"wp:attachment":[{"href":"https:\/\/agility-hsg.de\/index.php?rest_route=%2Fwp%2Fv2%2Fmedia&parent=358"}],"curies":[{"name":"wp","href":"https:\/\/api.w.org\/{rel}","templated":true}]}}