{"id":4468,"date":"2026-02-14T12:54:02","date_gmt":"2026-02-14T11:54:02","guid":{"rendered":"https:\/\/agility-hsg.de\/?page_id=4468"},"modified":"2026-04-14T15:17:06","modified_gmt":"2026-04-14T13:17:06","slug":"wink-team-trophy","status":"publish","type":"page","link":"https:\/\/agility-hsg.de\/?page_id=4468","title":{"rendered":"Wink Team Trophy"},"content":{"rendered":"\n<figure class=\"wp-block-image size-large is-resized\"><img loading=\"lazy\" decoding=\"async\" width=\"819\" height=\"1024\" src=\"https:\/\/agility-hsg.de\/wp-content\/uploads\/2026\/02\/Flyer_WinkTrophy-819x1024.jpg\" alt=\"\" class=\"wp-image-4489\" style=\"width:268px;height:auto\" srcset=\"https:\/\/agility-hsg.de\/wp-content\/uploads\/2026\/02\/Flyer_WinkTrophy-819x1024.jpg 819w, https:\/\/agility-hsg.de\/wp-content\/uploads\/2026\/02\/Flyer_WinkTrophy-240x300.jpg 240w, https:\/\/agility-hsg.de\/wp-content\/uploads\/2026\/02\/Flyer_WinkTrophy-768x960.jpg 768w, https:\/\/agility-hsg.de\/wp-content\/uploads\/2026\/02\/Flyer_WinkTrophy-1229x1536.jpg 1229w, https:\/\/agility-hsg.de\/wp-content\/uploads\/2026\/02\/Flyer_WinkTrophy-1639x2048.jpg 1639w, https:\/\/agility-hsg.de\/wp-content\/uploads\/2026\/02\/Flyer_WinkTrophy-900x1125.jpg 900w, https:\/\/agility-hsg.de\/wp-content\/uploads\/2026\/02\/Flyer_WinkTrophy-1280x1599.jpg 1280w, https:\/\/agility-hsg.de\/wp-content\/uploads\/2026\/02\/Flyer_WinkTrophy.jpg 1771w\" sizes=\"auto, (max-width: 819px) 100vw, 819px\" \/><\/figure>\n\n\n\n<p><em>Hinweis: Die Teamwertung ist ein <strong>freiwilliger <\/strong>Zusatzwettbewerb. Eine Teilnahme an beiden Tagen ist nicht verpflichtend \u2013 das geteilte Turnier kann auch ganz regul\u00e4r an einzelnen Tagen gestartet werden.<\/em><\/p>\n\n\n\n<p><strong><u>Wink Team Trophy \u2013 Wie funktioniert es?<\/u><\/strong><\/p>\n\n\n\n<p>Die wichtigsten Regeln zuerst:<\/p>\n\n\n\n<p><strong>Findet Euch mit netten Mitstreitern zusammen, denkt Euch einen sch\u00f6nen Team-Namen aus, unterst\u00fctzt und feuert Euch gegenseitig an, fiebert mit und habt einfach Spa\u00df!<\/strong><\/p>\n\n\n\n<p>Die \u00fcbrigen (langweiligeren) Regeln lauten der Vollst\u00e4ndigkeit halber:<br><br><strong>Ein Team:<\/strong><\/p>\n\n\n\n<ul class=\"wp-block-list\">\n<li>besteht aus mindestens drei und maximal vier Startern (mehr dazu unten)<\/li>\n\n\n\n<li>kann aus aus allen Gr\u00f6\u00dfen- (S, M, IM, L) und Leistungsklassen (A0, A1, A2, A3) gemischt werden<\/li>\n\n\n\n<li>Im Sinne des Teamgedankens sollten sich m\u00f6glichst drei, bzw. vier verschiedene Leute zusammenfinden (also nicht ein Mensch mit seinen\/ihren vier Hunden) \ud83d\ude42<\/li>\n<\/ul>\n\n\n\n<p><strong>Wie wird gewertet:<\/strong><\/p>\n\n\n\n<div class=\"wp-block-group\"><div class=\"wp-block-group__inner-container is-layout-constrained wp-block-group-is-layout-constrained\">\n<ul class=\"wp-block-list\">\n<li>Die Gesamtwertung l\u00e4uft \u00fcber beide Turniertage und alle ersten und zweiten L\u00e4ufe (in der A0, A1) bzw. A-L\u00e4ufe und Jumpings (in der A2, A3)<\/li>\n\n\n\n<li>Pro Lauf werden die drei besten Ergebnisse eines Teams gewertet.<br>Besteht ein Team aus vier Startern, wird das schlechteste Ergebnis pro Lauf als Streichergebnis aus der Wertung genommen<br>Besteht ein Team aus drei Startern, werden alle Ergebnisse gewertet<\/li>\n\n\n\n<li>Ein Dis wird mit 30 Fehlerpunkten gewertet<\/li>\n\n\n\n<li>Die Addition der Fehlerpunkte der gewerteten L\u00e4ufe ergeben das Gesamtergebnis des Teams (Gesamtfehler)<\/li>\n\n\n\n<li>Es gewinnt das Team mit den wenigsten Gesamtfehlern<\/li>\n\n\n\n<li>Detailliertere Regeln (z.B. bei Gleichstand) erarbeiten wir noch und erg\u00e4nzen sie bald<\/li>\n<\/ul>\n<\/div><\/div>\n\n\n\n<p><strong>Wie k\u00f6nnen wir uns als Team anmelden?<\/strong><\/p>\n\n\n\n<ul class=\"wp-block-list\">\n<li>Ihr k\u00f6nnt Euer Team bis sp\u00e4testens zum 15.05.2026 \u00fcber das Formular unten anmelden<\/li>\n\n\n\n<li>Achtung: Jedes Teammitglied muss vorher bei webmelden gemeldet haben<\/li>\n\n\n\n<li>Im Krankheitsfall (Hund\/Hundef\u00fchrer) kann ein Team bis zum 29.05.2026 ver\u00e4ndert werden, falls es sonst keine drei Starter mehr hat. Hoffentlich wird das nat\u00fcrlich nicht notwendig sein!<\/li>\n<\/ul>\n\n\n\n<p>Wir freuen uns auf viele motivierte Teams, eine tolle und faire Stimmung an beiden Tagen und w\u00fcnschen Euch ganz viel Spa\u00df bei der Wink Team Trophy!<br>Eure HSG Rhein Sieg<\/p>\n\n\n\n<h2 class=\"wp-block-heading\">Anmeldung zur Team Trophy:<\/h2>\n\n\n\n<style id=\"wpforms-css-vars-4478\">\n\t\t\t\t#wpforms-4478 {\n\t\t\t\t--wpforms-container-padding: 0px;\n--wpforms-container-border-width: 1px;\n--wpforms-container-border-radius: 3px;\n--wpforms-background-color: rgba(0, 0, 0, 0);\n--wpforms-field-size-input-height: 43px;\n--wpforms-field-size-input-spacing: 15px;\n--wpforms-field-size-font-size: 16px;\n--wpforms-field-size-line-height: 19px;\n--wpforms-field-size-padding-h: 14px;\n--wpforms-field-size-checkbox-size: 16px;\n--wpforms-field-size-sublabel-spacing: 5px;\n--wpforms-field-size-icon-size: 1;\n--wpforms-label-size-font-size: 16px;\n--wpforms-label-size-line-height: 19px;\n--wpforms-label-size-sublabel-font-size: 14px;\n--wpforms-label-size-sublabel-line-height: 17px;\n--wpforms-button-size-font-size: 17px;\n--wpforms-button-size-height: 41px;\n--wpforms-button-size-padding-h: 15px;\n--wpforms-button-size-margin-top: 10px;\n--wpforms-container-shadow-size-box-shadow: none;\n\t\t\t}\n\t\t\t<\/style><div class=\"wpforms-container wpforms-container-full wpforms-render-modern\" id=\"wpforms-4478\"><form id=\"wpforms-form-4478\" class=\"wpforms-validate wpforms-form wpforms-ajax-form\" data-formid=\"4478\" method=\"post\" enctype=\"multipart\/form-data\" action=\"\/index.php?rest_route=%2Fwp%2Fv2%2Fpages%2F4468\" data-token=\"8959637148ccf4a349afab7c40ced116\" data-token-time=\"1778995033\"><noscript class=\"wpforms-error-noscript\">Bitte aktiviere JavaScript in deinem Browser, um dieses Formular fertigzustellen.<\/noscript><div id=\"wpforms-error-noscript\" style=\"display: none;\">Bitte aktiviere JavaScript in deinem Browser, um dieses Formular fertigzustellen.<\/div><div class=\"wpforms-field-container\"><div id=\"wpforms-4478-field_4-container\" class=\"wpforms-field wpforms-field-text\" data-field-id=\"4\"><label class=\"wpforms-field-label\" for=\"wpforms-4478-field_4\">Teamname <span class=\"wpforms-required-label\" aria-hidden=\"true\">*<\/span><\/label><input type=\"text\" id=\"wpforms-4478-field_4\" class=\"wpforms-field-medium wpforms-field-required\" name=\"wpforms[fields][4]\" aria-errormessage=\"wpforms-4478-field_4-error\" required><\/div><div id=\"wpforms-4478-field_13-container\" class=\"wpforms-field wpforms-field-email\" data-field-id=\"13\"><label class=\"wpforms-field-label\" for=\"wpforms-4478-field_13\">E-Mail-Adresse (Kontakt) <span class=\"wpforms-required-label\" aria-hidden=\"true\">*<\/span><\/label><input type=\"email\" id=\"wpforms-4478-field_13\" class=\"wpforms-field-medium wpforms-field-required\" name=\"wpforms[fields][13]\" spellcheck=\"false\" aria-errormessage=\"wpforms-4478-field_13-error\" required><\/div><div id=\"wpforms-4478-field_1-container\" class=\"wpforms-field wpforms-field-name\" data-field-id=\"1\"><fieldset><legend class=\"wpforms-field-label\">Teammitglied 1 <span class=\"wpforms-required-label\" aria-hidden=\"true\">*<\/span><\/legend><div class=\"wpforms-field-row wpforms-field-medium\"><div class=\"wpforms-field-row-block wpforms-first wpforms-one-half\"><input type=\"text\" id=\"wpforms-4478-field_1\" class=\"wpforms-field-name-first wpforms-field-required\" name=\"wpforms[fields][1][first]\" aria-errormessage=\"wpforms-4478-field_1-error\" required><label for=\"wpforms-4478-field_1\" class=\"wpforms-field-sublabel after\">Vorname<\/label><\/div><div class=\"wpforms-field-row-block wpforms-one-half\"><input type=\"text\" id=\"wpforms-4478-field_1-last\" class=\"wpforms-field-name-last wpforms-field-required\" name=\"wpforms[fields][1][last]\" aria-errormessage=\"wpforms-4478-field_1-last-error\" required><label for=\"wpforms-4478-field_1-last\" class=\"wpforms-field-sublabel after\">Nachname<\/label><\/div><\/div><\/fieldset><\/div><div id=\"wpforms-4478-field_5-container\" class=\"wpforms-field wpforms-field-text\" data-field-id=\"5\"><label class=\"wpforms-field-label\" for=\"wpforms-4478-field_5\">Hund von Teammitglied 1 <span class=\"wpforms-required-label\" aria-hidden=\"true\">*<\/span><\/label><input type=\"text\" id=\"wpforms-4478-field_5\" class=\"wpforms-field-medium wpforms-field-required\" name=\"wpforms[fields][5]\" aria-errormessage=\"wpforms-4478-field_5-error\" required><\/div><div id=\"wpforms-4478-field_6-container\" class=\"wpforms-field wpforms-field-name\" data-field-id=\"6\"><fieldset><legend class=\"wpforms-field-label\">Teammitglied 2 <span class=\"wpforms-required-label\" aria-hidden=\"true\">*<\/span><\/legend><div class=\"wpforms-field-row wpforms-field-medium\"><div class=\"wpforms-field-row-block wpforms-first wpforms-one-half\"><input type=\"text\" id=\"wpforms-4478-field_6\" class=\"wpforms-field-name-first wpforms-field-required\" name=\"wpforms[fields][6][first]\" aria-errormessage=\"wpforms-4478-field_6-error\" required><label for=\"wpforms-4478-field_6\" class=\"wpforms-field-sublabel after\">Vorname<\/label><\/div><div class=\"wpforms-field-row-block wpforms-one-half\"><input type=\"text\" id=\"wpforms-4478-field_6-last\" class=\"wpforms-field-name-last wpforms-field-required\" name=\"wpforms[fields][6][last]\" aria-errormessage=\"wpforms-4478-field_6-last-error\" required><label for=\"wpforms-4478-field_6-last\" class=\"wpforms-field-sublabel after\">Nachname<\/label><\/div><\/div><\/fieldset><\/div><div id=\"wpforms-4478-field_7-container\" class=\"wpforms-field wpforms-field-text\" data-field-id=\"7\"><label class=\"wpforms-field-label\" for=\"wpforms-4478-field_7\">Hund von Teammitglied 2 <span class=\"wpforms-required-label\" aria-hidden=\"true\">*<\/span><\/label><input type=\"text\" id=\"wpforms-4478-field_7\" class=\"wpforms-field-medium wpforms-field-required\" name=\"wpforms[fields][7]\" aria-errormessage=\"wpforms-4478-field_7-error\" required><\/div>\t\t<div id=\"wpforms-4478-field_2-container\"\n\t\t\tclass=\"wpforms-field wpforms-field-text\"\n\t\t\tdata-field-type=\"text\"\n\t\t\tdata-field-id=\"2\"\n\t\t\t>\n\t\t\t<label class=\"wpforms-field-label\" for=\"wpforms-4478-field_2\" >Teammitglied 2 von<\/label>\n\t\t\t<input type=\"text\" id=\"wpforms-4478-field_2\" class=\"wpforms-field-medium\" name=\"wpforms[fields][2]\" >\n\t\t<\/div>\n\t\t<div id=\"wpforms-4478-field_8-container\" class=\"wpforms-field wpforms-field-name\" data-field-id=\"8\"><fieldset><legend class=\"wpforms-field-label\">Teammitglied 3 <span class=\"wpforms-required-label\" aria-hidden=\"true\">*<\/span><\/legend><div class=\"wpforms-field-row wpforms-field-medium\"><div class=\"wpforms-field-row-block wpforms-first wpforms-one-half\"><input type=\"text\" id=\"wpforms-4478-field_8\" class=\"wpforms-field-name-first wpforms-field-required\" name=\"wpforms[fields][8][first]\" aria-errormessage=\"wpforms-4478-field_8-error\" required><label for=\"wpforms-4478-field_8\" class=\"wpforms-field-sublabel after\">Vorname<\/label><\/div><div class=\"wpforms-field-row-block wpforms-one-half\"><input type=\"text\" id=\"wpforms-4478-field_8-last\" class=\"wpforms-field-name-last wpforms-field-required\" name=\"wpforms[fields][8][last]\" aria-errormessage=\"wpforms-4478-field_8-last-error\" required><label for=\"wpforms-4478-field_8-last\" class=\"wpforms-field-sublabel after\">Nachname<\/label><\/div><\/div><\/fieldset><\/div><div id=\"wpforms-4478-field_9-container\" class=\"wpforms-field wpforms-field-text\" data-field-id=\"9\"><label class=\"wpforms-field-label\" for=\"wpforms-4478-field_9\">Hund von Teammitglied 3 <span class=\"wpforms-required-label\" aria-hidden=\"true\">*<\/span><\/label><input type=\"text\" id=\"wpforms-4478-field_9\" class=\"wpforms-field-medium wpforms-field-required\" name=\"wpforms[fields][9]\" aria-errormessage=\"wpforms-4478-field_9-error\" required><\/div><div id=\"wpforms-4478-field_10-container\" class=\"wpforms-field wpforms-field-name\" data-field-id=\"10\"><fieldset><legend class=\"wpforms-field-label\">Teammitglied 4 (Optional)<\/legend><div class=\"wpforms-field-row wpforms-field-medium\"><div class=\"wpforms-field-row-block wpforms-first wpforms-one-half\"><input type=\"text\" id=\"wpforms-4478-field_10\" class=\"wpforms-field-name-first\" name=\"wpforms[fields][10][first]\" aria-errormessage=\"wpforms-4478-field_10-error\" ><label for=\"wpforms-4478-field_10\" class=\"wpforms-field-sublabel after\">Vorname<\/label><\/div><div class=\"wpforms-field-row-block wpforms-one-half\"><input type=\"text\" id=\"wpforms-4478-field_10-last\" class=\"wpforms-field-name-last\" name=\"wpforms[fields][10][last]\" aria-errormessage=\"wpforms-4478-field_10-last-error\" ><label for=\"wpforms-4478-field_10-last\" class=\"wpforms-field-sublabel after\">Nachname<\/label><\/div><\/div><\/fieldset><\/div><div id=\"wpforms-4478-field_11-container\" class=\"wpforms-field wpforms-field-text\" data-field-id=\"11\"><label class=\"wpforms-field-label\" for=\"wpforms-4478-field_11\">Hund von Teammitglied 4 (Optional)<\/label><input type=\"text\" id=\"wpforms-4478-field_11\" class=\"wpforms-field-medium\" name=\"wpforms[fields][11]\" aria-errormessage=\"wpforms-4478-field_11-error\" ><\/div><div id=\"wpforms-4478-field_12-container\" class=\"wpforms-field wpforms-field-checkbox\" data-field-id=\"12\"><fieldset><legend class=\"wpforms-field-label\">Checkboxen <span class=\"wpforms-required-label\" aria-hidden=\"true\">*<\/span><\/legend><ul id=\"wpforms-4478-field_12\" class=\"wpforms-field-required\"><li class=\"choice-1 depth-1\"><input type=\"checkbox\" id=\"wpforms-4478-field_12_1\" name=\"wpforms[fields][12][]\" value=\"Ich habe die Datenschutzerkl\u00e4rung gelesen und willige in die Verarbeitung der angegebenen personenbezogenen Daten zur Durchf\u00fchrung der Wink Team Trophy ein. Ich best\u00e4tige zudem, dass alle von mir benannten Teammitglieder \u00fcber die Daten\u00fcbermittlung informiert sind und ebenfalls eingewilligt haben.\" aria-errormessage=\"wpforms-4478-field_12_1-error\" required ><label class=\"wpforms-field-label-inline\" for=\"wpforms-4478-field_12_1\">Ich habe die Datenschutzerkl\u00e4rung gelesen und willige in die Verarbeitung der angegebenen personenbezogenen Daten zur Durchf\u00fchrung der Wink Team Trophy ein. Ich best\u00e4tige zudem, dass alle von mir benannten Teammitglieder \u00fcber die Daten\u00fcbermittlung informiert sind und ebenfalls eingewilligt haben.<\/label><\/li><li class=\"choice-4 depth-1\"><input type=\"checkbox\" id=\"wpforms-4478-field_12_4\" name=\"wpforms[fields][12][]\" value=\"Ich best\u00e4tige, dass s\u00e4mtliche Teammitglieder die Teilnahme an der Wink Team Trophy eigenst\u00e4ndig \u00fcber webmelden.de gemeldet haben.\" aria-errormessage=\"wpforms-4478-field_12_4-error\" required ><label class=\"wpforms-field-label-inline\" for=\"wpforms-4478-field_12_4\">Ich best\u00e4tige, dass s\u00e4mtliche Teammitglieder die Teilnahme an der Wink Team Trophy eigenst\u00e4ndig \u00fcber webmelden.de gemeldet haben.<\/label><\/li><\/ul><\/fieldset><\/div><script>\n\t\t\t\t( function() {\n\t\t\t\t\tconst style = document.createElement( 'style' );\n\t\t\t\t\tstyle.appendChild( document.createTextNode( '#wpforms-4478-field_2-container { position: absolute !important; overflow: hidden !important; display: inline !important; height: 1px !important; width: 1px !important; z-index: -1000 !important; padding: 0 !important; } #wpforms-4478-field_2-container input { visibility: hidden; } #wpforms-conversational-form-page #wpforms-4478-field_2-container label { counter-increment: none; }' ) );\n\t\t\t\t\tdocument.head.appendChild( style );\n\t\t\t\t\tdocument.currentScript?.remove();\n\t\t\t\t} )();\n\t\t\t<\/script><\/div><!-- .wpforms-field-container --><div class=\"wpforms-submit-container\" ><input type=\"hidden\" name=\"wpforms[id]\" value=\"4478\"><input type=\"hidden\" name=\"page_title\" value=\"\"><input type=\"hidden\" name=\"page_url\" value=\"https:\/\/agility-hsg.de\/index.php?rest_route=\/wp\/v2\/pages\/4468\"><input type=\"hidden\" name=\"url_referer\" value=\"\"><button type=\"submit\" name=\"wpforms[submit]\" id=\"wpforms-submit-4478\" class=\"wpforms-submit\" data-alt-text=\"Wird gesendet\u00a0\u2026\" data-submit-text=\"Absenden\" aria-live=\"assertive\" value=\"wpforms-submit\">Absenden<\/button><img loading=\"lazy\" decoding=\"async\" src=\"https:\/\/agility-hsg.de\/wp-content\/plugins\/wpforms-lite\/assets\/images\/submit-spin.svg\" class=\"wpforms-submit-spinner\" style=\"display: none;\" width=\"26\" height=\"26\" alt=\"Wird geladen\"><\/div><\/form><\/div>  <!-- .wpforms-container -->\n\n\n\n<p>Bei Fragen oder Problemen bei der Anmeldung k\u00f6nnt ihr euch bei Krissi (<a href=\"mailto:obfrau-agility@agility-hsg.de\">obfrau-agility@agility-hsg.de<\/a>) melden<\/p>\n\n\n\n<p><\/p>\n","protected":false},"excerpt":{"rendered":"<p>Hinweis: Die Teamwertung ist ein freiwilliger Zusatzwettbewerb. Eine Teilnahme an beiden Tagen ist nicht verpflichtend \u2013 das geteilte Turnier kann auch ganz regul\u00e4r an einzelnen Tagen gestartet werden. Wink Team Trophy \u2013 Wie funktioniert es? Die wichtigsten Regeln zuerst: Findet Euch mit netten Mitstreitern zusammen, denkt Euch einen sch\u00f6nen Team-Namen aus, unterst\u00fctzt und feuert Euch [&hellip;]<\/p>\n","protected":false},"author":2,"featured_media":4476,"parent":231,"menu_order":0,"comment_status":"closed","ping_status":"closed","template":"","meta":{"pgc_sgb_lightbox_settings":"","footnotes":""},"class_list":["post-4468","page","type-page","status-publish","has-post-thumbnail","hentry"],"_links":{"self":[{"href":"https:\/\/agility-hsg.de\/index.php?rest_route=\/wp\/v2\/pages\/4468","targetHints":{"allow":["GET"]}}],"collection":[{"href":"https:\/\/agility-hsg.de\/index.php?rest_route=\/wp\/v2\/pages"}],"about":[{"href":"https:\/\/agility-hsg.de\/index.php?rest_route=\/wp\/v2\/types\/page"}],"author":[{"embeddable":true,"href":"https:\/\/agility-hsg.de\/index.php?rest_route=\/wp\/v2\/users\/2"}],"replies":[{"embeddable":true,"href":"https:\/\/agility-hsg.de\/index.php?rest_route=%2Fwp%2Fv2%2Fcomments&post=4468"}],"version-history":[{"count":8,"href":"https:\/\/agility-hsg.de\/index.php?rest_route=\/wp\/v2\/pages\/4468\/revisions"}],"predecessor-version":[{"id":4541,"href":"https:\/\/agility-hsg.de\/index.php?rest_route=\/wp\/v2\/pages\/4468\/revisions\/4541"}],"up":[{"embeddable":true,"href":"https:\/\/agility-hsg.de\/index.php?rest_route=\/wp\/v2\/pages\/231"}],"wp:featuredmedia":[{"embeddable":true,"href":"https:\/\/agility-hsg.de\/index.php?rest_route=\/wp\/v2\/media\/4476"}],"wp:attachment":[{"href":"https:\/\/agility-hsg.de\/index.php?rest_route=%2Fwp%2Fv2%2Fmedia&parent=4468"}],"curies":[{"name":"wp","href":"https:\/\/api.w.org\/{rel}","templated":true}]}}