{"id":7,"date":"2018-11-26T20:13:04","date_gmt":"2018-11-26T18:13:04","guid":{"rendered":"https:\/\/agilityhundesportgrupperheinsieg1993evhome.wordpress.com\/?page_id=2"},"modified":"2025-07-23T18:51:05","modified_gmt":"2025-07-23T16:51:05","slug":"ueber","status":"publish","type":"page","link":"https:\/\/agility-hsg.de\/?page_id=7","title":{"rendered":"\u00dcber uns"},"content":{"rendered":"<p data-start=\"264\" data-end=\"560\">Wir sind die Agility Hundesportgruppe Rhein-Sieg 1993 e.\u202fV., kurz: HSG. Seit \u00fcber 30 Jahren engagieren wir uns f\u00fcr den Hundesport und das Miteinander von Mensch und Hund. Bei uns treffen sich Menschen, die Freude an ihren Hunden, sinnvoller Besch\u00e4ftigung und am Austausch mit anderen Hundebegeisterten haben.<\/p>\n<p data-start=\"562\" data-end=\"909\"><strong data-start=\"562\" data-end=\"582\">Was wir anbieten<\/strong><br data-start=\"582\" data-end=\"585\" \/>Unser Angebot richtet sich an alle, die mit ihrem Hund aktiv sein m\u00f6chten. Wir bieten Agility, Hoopers, Rally Obedience, Obedience sowie Erziehungskurse f\u00fcr Einsteiger und Fortgeschrittene sowie Kurse zur Begleithundepr\u00fcfung an. Dabei ist es egal, wie alt euer Hund ist oder welche Rasse er hat. Wichtig ist nur, dass ihr Lust habt, gemeinsam etwas zu erleben.<\/p>\n<p data-start=\"911\" data-end=\"1247\"><strong data-start=\"911\" data-end=\"952\">Sportlich oder einfach mit Spa\u00df dabei<\/strong><br data-start=\"952\" data-end=\"955\" \/>Ob ihr ambitioniert trainieren oder einfach nur gemeinsam mit eurem Hund Zeit verbringen m\u00f6chtet, entscheidet ihr selbst. Viele unserer Mitglieder nehmen an Pr\u00fcfungen oder Turnieren teil. F\u00fcr andere steht der Spa\u00df am Training und das Lernen im Alltag im Vordergrund. Beides hat bei uns Platz.<\/p>\n<p data-start=\"1249\" data-end=\"1548\"><strong data-start=\"1249\" data-end=\"1278\">Ein Verein, der verbindet<\/strong><br data-start=\"1278\" data-end=\"1281\" \/>Wir legen Wert auf respektvollen Umgang, positive Best\u00e4rkung und ein gutes Miteinander \u2013 nicht nur zwischen Mensch und Hund, sondern auch untereinander. Als Mitglied werdet ihr Teil einer aktiven Gemeinschaft, in der man sich kennt, unterst\u00fctzt und gemeinsam anpackt.<\/p>\n<p data-start=\"1550\" data-end=\"1740\"><strong data-start=\"1550\" data-end=\"1579\">Wissenswertes zum Verband<\/strong><br data-start=\"1579\" data-end=\"1582\" \/>Die HSG Rhein-Sieg ist dem Deutschen Verband der Gebrauchshundesportvereine (DVG) angeschlossen und geh\u00f6rt seit 2024 zum Landesverband Hessen-Rheinland\/Pfalz.<\/p>\n<p data-start=\"1742\" data-end=\"1860\">Wenn ihr neugierig geworden seid, meldet euch gern bei uns oder schaut einfach einmal vorbei. Wir freuen uns auf euch.<\/p>\n<p style=\"text-align: right;\">\n","protected":false},"excerpt":{"rendered":"<p>Wir sind die Agility Hundesportgruppe Rhein-Sieg 1993 e.\u202fV., kurz: HSG. Seit \u00fcber 30 Jahren engagieren wir uns f\u00fcr den Hundesport und das Miteinander von Mensch und Hund. Bei uns treffen sich Menschen, die Freude an ihren Hunden, sinnvoller Besch\u00e4ftigung und am Austausch mit anderen Hundebegeisterten haben. Was wir anbietenUnser Angebot richtet sich an alle, die [&hellip;]<\/p>\n","protected":false},"author":2,"featured_media":0,"parent":0,"menu_order":1,"comment_status":"closed","ping_status":"closed","template":"","meta":{"pgc_sgb_lightbox_settings":"","footnotes":""},"class_list":["post-7","page","type-page","status-publish","hentry"],"_links":{"self":[{"href":"https:\/\/agility-hsg.de\/index.php?rest_route=\/wp\/v2\/pages\/7","targetHints":{"allow":["GET"]}}],"collection":[{"href":"https:\/\/agility-hsg.de\/index.php?rest_route=\/wp\/v2\/pages"}],"about":[{"href":"https:\/\/agility-hsg.de\/index.php?rest_route=\/wp\/v2\/types\/page"}],"author":[{"embeddable":true,"href":"https:\/\/agility-hsg.de\/index.php?rest_route=\/wp\/v2\/users\/2"}],"replies":[{"embeddable":true,"href":"https:\/\/agility-hsg.de\/index.php?rest_route=%2Fwp%2Fv2%2Fcomments&post=7"}],"version-history":[{"count":4,"href":"https:\/\/agility-hsg.de\/index.php?rest_route=\/wp\/v2\/pages\/7\/revisions"}],"predecessor-version":[{"id":4033,"href":"https:\/\/agility-hsg.de\/index.php?rest_route=\/wp\/v2\/pages\/7\/revisions\/4033"}],"wp:attachment":[{"href":"https:\/\/agility-hsg.de\/index.php?rest_route=%2Fwp%2Fv2%2Fmedia&parent=7"}],"curies":[{"name":"wp","href":"https:\/\/api.w.org\/{rel}","templated":true}]}}