{"id":71,"date":"2018-11-26T20:48:50","date_gmt":"2018-11-26T19:48:50","guid":{"rendered":"https:\/\/agilityhundesportgrupperheinsieg1993evhome.wordpress.com\/?page_id=71"},"modified":"2026-02-10T08:30:27","modified_gmt":"2026-02-10T07:30:27","slug":"vorstand-2","status":"publish","type":"page","link":"https:\/\/agility-hsg.de\/?page_id=71","title":{"rendered":"Vorstand"},"content":{"rendered":"\n<div style=\"display: grid; grid-template-columns: 1fr 2fr; gap: 20px; margin-bottom: 40px;\">\n\n    <!-- Person Block -->\n    <div style=\"font-weight: bold;\">1. Vorsitzende:<\/div>\n    <div>\n      Barbara M\u00fcller<br>\n      <a href=\"mailto:erster-vorsitzender@agility-hsg.de\" style=\"color: #4CAF50; text-decoration: none;\">erster-vorsitzender@agility-hsg.de<\/a>\n    <\/div>\n\n    <div style=\"font-weight: bold;\">2. Vorsitzende:<\/div>\n    <div>\n      Rabea Bents-Rosemann<br>\n      <a href=\"mailto:zweite-vorsitzende@agility-hsg.de\" style=\"color: #4CAF50; text-decoration: none;\">zweite-vorsitzende@agility-hsg.de<\/a>\n    <\/div>\n\n    <div style=\"font-weight: bold;\">Gesch\u00e4ftsf\u00fchrerin:<\/div>\n    <div>\n      Jennifer Meier<br>\n      <a href=\"mailto:geschaeftsfuehrerin@agility-hsg.de\" style=\"color: #4CAF50; text-decoration: none;\">geschaeftsfuehrerin@agility-hsg.de<\/a>\n    <\/div>\n\n    <div style=\"font-weight: bold;\">Kassenwart:<\/div>\n    <div>\n      Iris Kirch<br>\n      <a href=\"mailto:Kassiererin@agility-hsg.de\" style=\"color: #4CAF50; text-decoration: none;\">kassiererin@agility-hsg.de<\/a>\n    <\/div>\n\n    <div style=\"font-weight: bold;\">Obfrau f\u00fcr Agility:<\/div>\n    <div>\n      Kristina Schmidt<br>\n      <a href=\"mailto:Obfrau-Agility@agility-hsg.de\" style=\"color: #4CAF50; text-decoration: none;\">obfrau-agility@agility-hsg.de<\/a>\n    <\/div>\n\n    <div style=\"font-weight: bold;\">Obfrau f\u00fcr Obedience:<\/div>\n    <div>\n      unbesetzt<br>\n    <\/div>\n\n    <div style=\"font-weight: bold;\">Obfrau f\u00fcr<br>Rally Obedience:<\/div>\n    <div>\n      Cathrin B\u00fcnning<br>\n      <a href=\"mailto:Obfrau-RO@agility-hsg.de\" style=\"color: #4CAF50; text-decoration: none;\">obfrau-ro@agility-hsg.de<\/a>\n    <\/div>\n\n    <div style=\"font-weight: bold;\">Obfrau f\u00fcr Basis:<\/div>\n    <div>\n      Tatjana Claes<br>\n      <a href=\"mailto:Obfrau-Basis@agility-hsg.de\" style=\"color: #4CAF50; text-decoration: none;\">obfrau-basis@agility-hsg.de<\/a>\n    <\/div>\n\n    <div style=\"font-weight: bold;\">Obfrau f\u00fcr Hoopers:<\/div>\n    <div>\n      Anja Volkmer<br>\n      <a href=\"mailto:obfrau-Hoopers@agility-hsg.de\" style=\"color: #4CAF50; text-decoration: none;\">obfrau-hoopers@agility-hsg.de<\/a>\n    <\/div>\n\n    <div style=\"font-weight: bold;\">Platzwart:<\/div>\n    <div>\n      Daniela Brosch<br>\n      <a href=\"mailto:platzwart@agility-hsg.de\" style=\"color: #4CAF50; text-decoration: none;\">platzwart@agility-hsg.de<\/a>\n    <\/div>\n\n    <div style=\"font-weight: bold;\">Technik- und Ger\u00e4tewart:<\/div>\n    <div>\n      Rabea Bents-Rosemann<br>\n      <a href=\"mailto:geraetewart@agility-hsg.de\" style=\"color: #4CAF50; text-decoration: none;\">geraetewart@agility-hsg.de<\/a>\n    <\/div>\n\n    <div style=\"font-weight: bold;\">\u00d6ffentlichkeitsarbeit und Webpr\u00e4senz:<\/div>\n    <div>\n      Jennifer Meier<br>\n    <\/div>\n\n  <\/div>\n<\/div>\n","protected":false},"excerpt":{"rendered":"<p>1. Vorsitzende: Barbara M\u00fcller erster-vorsitzender@agility-hsg.de 2. Vorsitzende: Rabea Bents-Rosemann zweite-vorsitzende@agility-hsg.de Gesch\u00e4ftsf\u00fchrerin: Jennifer Meier geschaeftsfuehrerin@agility-hsg.de Kassenwart: Iris Kirch kassiererin@agility-hsg.de Obfrau f\u00fcr Agility: Kristina Schmidt obfrau-agility@agility-hsg.de Obfrau f\u00fcr Obedience: unbesetzt Obfrau f\u00fcrRally Obedience: Cathrin B\u00fcnning obfrau-ro@agility-hsg.de Obfrau f\u00fcr Basis: Tatjana Claes obfrau-basis@agility-hsg.de Obfrau f\u00fcr Hoopers: Anja Volkmer obfrau-hoopers@agility-hsg.de Platzwart: Daniela Brosch platzwart@agility-hsg.de Technik- und Ger\u00e4tewart: Rabea Bents-Rosemann [&hellip;]<\/p>\n","protected":false},"author":2,"featured_media":0,"parent":0,"menu_order":0,"comment_status":"closed","ping_status":"closed","template":"","meta":{"pgc_sgb_lightbox_settings":"","footnotes":""},"class_list":["post-71","page","type-page","status-publish","hentry"],"_links":{"self":[{"href":"https:\/\/agility-hsg.de\/index.php?rest_route=\/wp\/v2\/pages\/71","targetHints":{"allow":["GET"]}}],"collection":[{"href":"https:\/\/agility-hsg.de\/index.php?rest_route=\/wp\/v2\/pages"}],"about":[{"href":"https:\/\/agility-hsg.de\/index.php?rest_route=\/wp\/v2\/types\/page"}],"author":[{"embeddable":true,"href":"https:\/\/agility-hsg.de\/index.php?rest_route=\/wp\/v2\/users\/2"}],"replies":[{"embeddable":true,"href":"https:\/\/agility-hsg.de\/index.php?rest_route=%2Fwp%2Fv2%2Fcomments&post=71"}],"version-history":[{"count":19,"href":"https:\/\/agility-hsg.de\/index.php?rest_route=\/wp\/v2\/pages\/71\/revisions"}],"predecessor-version":[{"id":4454,"href":"https:\/\/agility-hsg.de\/index.php?rest_route=\/wp\/v2\/pages\/71\/revisions\/4454"}],"wp:attachment":[{"href":"https:\/\/agility-hsg.de\/index.php?rest_route=%2Fwp%2Fv2%2Fmedia&parent=71"}],"curies":[{"name":"wp","href":"https:\/\/api.w.org\/{rel}","templated":true}]}}