{"id":74,"date":"2018-11-26T20:48:50","date_gmt":"2018-11-26T19:48:50","guid":{"rendered":"https:\/\/agilityhundesportgrupperheinsieg1993evhome.wordpress.com\/?page_id=74"},"modified":"2025-06-18T18:05:17","modified_gmt":"2025-06-18T16:05:17","slug":"impressum","status":"publish","type":"page","link":"https:\/\/agility-hsg.de\/?page_id=74","title":{"rendered":"Impressum"},"content":{"rendered":"<h3>Kontaktdaten:<\/h3>\n<p><strong>Agility Hundesportgruppe Rhein-Sieg 1993 e.V.<\/strong><br \/>Kapellenweg 16<br \/>53773 Hennef<\/p>\n<p>E-Mail: <a href=\"mailto:erster-vorsitzender@agility-hsg.de\">Barbara M\u00fcller<\/a><\/p>\n<p><strong>1.Vorsitzende (gemeinschaftlich vertretungsbefugt)<\/strong><br \/>Barbara M\u00fcller<br \/>c\/o Agility Hundesportgruppe Rhein-Sieg 1993 e.V.<br \/>Kapellenweg 16<br \/>53773 Hennef<\/p>\n<p>E-Mail: <a href=\"mailto:erster-vorsitzender@agility-hsg.de\">Barbara M\u00fcller<\/a><\/p>\n<p><strong>2.Vorsitzende (gemeinschaftlich Vertretungsbefugt)<\/strong><br \/>Rabea Bents-Rosemann<\/p>\n\n\n<p><strong>Registergericht<\/strong>: Siegburg<\/p>\n\n\n\n<p><strong>Registernummer&nbsp;:<\/strong> Nr: VR 1825<\/p>\n\n\n\n<p><strong>Haftungsausschluss:<\/strong><\/p>\n\n\n\n<p class=\"has-small-font-size\">Die Inhalte unserer Website wurden mit gr\u00f6\u00dfter Sorgfalt und nach bestem Wissen erstellt. Dennoch \u00fcbernehmen wir keine Gew\u00e4hr f\u00fcr die Richtigkeit, Vollst\u00e4ndigkeit und Aktualit\u00e4t der bereitgestellten Informationen. Als Diensteanbieter sind wir gem\u00e4\u00df \u00a7 7 Abs.1 TMG f\u00fcr eigene Inhalte auf dieser Website nach den allgemeinen Gesetzen verantwortlich. Nach \u00a7\u00a7 8 bis 10 TMG sind wir jedoch nicht verpflichtet, \u00fcbermittelte oder gespeicherte fremde Informationen zu \u00fcberwachen oder nach Umst\u00e4nden zu forschen, die auf eine rechtswidrige T\u00e4tigkeit hinweisen.<\/p>\n\n\n\n<p class=\"has-small-font-size\">Unsere Webseite enth\u00e4lt Links zu externen Webseiten Dritter, auf deren Inhalte wir keinen Einfluss haben. Daher k\u00f6nnen wir f\u00fcr diese fremden Inhalte keine Gew\u00e4hr \u00fcbernehmen. F\u00fcr die Inhalte der verlinkten Seiten ist stets der jeweilige Anbieter oder Betreiber der Seiten verantwortlich. Bei Bekanntwerden von Rechtsverletzungen werden wir derartige Links umgehend entfernen.<\/p>\n\n\n\n<p class=\"has-small-font-size\">Wir \u00fcbernehmen keine Haftung f\u00fcr direkte oder indirekte Sch\u00e4den, die aus der Nutzung der Informationen oder Daten auf dieser Website entstehen, es sei denn, diese beruhen auf Vorsatz oder grober Fahrl\u00e4ssigkeit.<\/p>\n\n\n\n<p class=\"has-small-font-size\">Der Verein Agility Hundesportgruppe Rhein-Sieg 1993 e.V. beh\u00e4lt sich vor, \u00c4nderungen oder Erg\u00e4nzungen der bereitgestellten Informationen jederzeit ohne vorherige Ank\u00fcndigung vorzunehmen.<\/p>\n\n\n\n<p><strong>Datenschutz:<\/strong><\/p>\n\n\n\n<p class=\"has-small-font-size\">Der Schutz ihrer pers\u00f6nlichen Daten ist uns wichtig. Weitere Informationen zum Thema Datenschutz finden sie in unserer <a href=\"https:\/\/agility-hsg.de\/?page_id=274\" data-type=\"page\" data-id=\"274\" target=\"_blank\" rel=\"noreferrer noopener\">Datenschutzerkl\u00e4rung<\/a>.<\/p>\n\n\n\n<p class=\"has-small-font-size\"><\/p>\n\n\n\n<p><\/p>\n","protected":false},"excerpt":{"rendered":"<p>Kontaktdaten: Agility Hundesportgruppe Rhein-Sieg 1993 e.V.Kapellenweg 1653773 Hennef E-Mail: Barbara M\u00fcller 1.Vorsitzende (gemeinschaftlich vertretungsbefugt)Barbara M\u00fcllerc\/o Agility Hundesportgruppe Rhein-Sieg 1993 e.V.Kapellenweg 1653773 Hennef E-Mail: Barbara M\u00fcller 2.Vorsitzende (gemeinschaftlich Vertretungsbefugt)Rabea Bents-Rosemann Registergericht: Siegburg Registernummer&nbsp;: Nr: VR 1825 Haftungsausschluss: Die Inhalte unserer Website wurden mit gr\u00f6\u00dfter Sorgfalt und nach bestem Wissen erstellt. Dennoch \u00fcbernehmen wir keine Gew\u00e4hr f\u00fcr [&hellip;]<\/p>\n","protected":false},"author":2,"featured_media":3877,"parent":0,"menu_order":0,"comment_status":"closed","ping_status":"closed","template":"","meta":{"pgc_sgb_lightbox_settings":"","footnotes":""},"class_list":["post-74","page","type-page","status-publish","has-post-thumbnail","hentry"],"_links":{"self":[{"href":"https:\/\/agility-hsg.de\/index.php?rest_route=\/wp\/v2\/pages\/74","targetHints":{"allow":["GET"]}}],"collection":[{"href":"https:\/\/agility-hsg.de\/index.php?rest_route=\/wp\/v2\/pages"}],"about":[{"href":"https:\/\/agility-hsg.de\/index.php?rest_route=\/wp\/v2\/types\/page"}],"author":[{"embeddable":true,"href":"https:\/\/agility-hsg.de\/index.php?rest_route=\/wp\/v2\/users\/2"}],"replies":[{"embeddable":true,"href":"https:\/\/agility-hsg.de\/index.php?rest_route=%2Fwp%2Fv2%2Fcomments&post=74"}],"version-history":[{"count":9,"href":"https:\/\/agility-hsg.de\/index.php?rest_route=\/wp\/v2\/pages\/74\/revisions"}],"predecessor-version":[{"id":3870,"href":"https:\/\/agility-hsg.de\/index.php?rest_route=\/wp\/v2\/pages\/74\/revisions\/3870"}],"wp:featuredmedia":[{"embeddable":true,"href":"https:\/\/agility-hsg.de\/index.php?rest_route=\/wp\/v2\/media\/3877"}],"wp:attachment":[{"href":"https:\/\/agility-hsg.de\/index.php?rest_route=%2Fwp%2Fv2%2Fmedia&parent=74"}],"curies":[{"name":"wp","href":"https:\/\/api.w.org\/{rel}","templated":true}]}}